{"id":442,"date":"2020-08-21T04:13:27","date_gmt":"2020-08-21T04:13:27","guid":{"rendered":"https:\/\/containergrowbox.com\/?page_id=442"},"modified":"2021-04-17T17:50:19","modified_gmt":"2021-04-17T17:50:19","slug":"agriculturels","status":"publish","type":"page","link":"https:\/\/containergrowbox.com\/fr\/agriculturels\/","title":{"rendered":"Conteneurs agriculturels"},"content":{"rendered":"<section class=\"l-section wpb_row height_auto width_full cgb-titlebar with_img with_overlay\"><div class=\"l-section-img\" style=\"background-image: url(https:\/\/containergrowbox.com\/wp-content\/uploads\/2020\/06\/image001.jpg);\" data-img-width=\"1080\" data-img-height=\"739\"><\/div><div class=\"l-section-overlay\" style=\"background: rgba(0,0,0,0.50)\"><\/div><div class=\"l-section-h i-cf\"><div class=\"g-cols vc_row type_default valign_top\"><div class=\"vc_col-sm-12 wpb_column vc_column_container\"><div class=\"vc_column-inner\"><div class=\"wpb_wrapper\">[vc_custom_heading text=\u00a0\u00bbConteneurs agriculturels\u00a0\u00bb font_container=\u00a0\u00bbtag:h1|text_align:center\u00a0\u00bb use_theme_fonts=\u00a0\u00bbyes\u00a0\u00bb el_class=\u00a0\u00bbcgb-titlebarh\u00a0\u00bb]<\/div><\/div><\/div><\/div><\/div><\/section><section class=\"l-section wpb_row height_auto width_full\"><div class=\"l-section-h i-cf\"><div class=\"g-cols vc_row type_default valign_middle\"><div class=\"vc_col-sm-6 wpb_column vc_column_container cgb-textcol\"><div class=\"vc_column-inner\"><div class=\"wpb_wrapper\">[vc_custom_heading text=\u00a0\u00bbLe futur de culture hyper-local\u00a0\u00bb font_container=\u00a0\u00bbtag:h3|text_align:left\u00a0\u00bb use_theme_fonts=\u00a0\u00bbyes\u00a0\u00bb el_class=\u00a0\u00bbcgb-greenh\u00a0\u00bb][vc_raw_html]JTNDZGl2JTIwY2xhc3MlM0QlMjJjZ2ItZGl2aWRlcjIlMjIlM0UlM0MlMkZkaXYlM0U=[\/vc_raw_html]<div class=\"wpb_text_column\" ><div class=\"wpb_wrapper\"><p>Les conteneurs hydroponiques de CGB sont un environnement de production modulaire et mobile de haute technologie con\u00e7u pour une grande vari\u00e9t\u00e9 de cultures, de produits botaniques et de mod\u00e8les d\u2019entreprise.<\/p>\n<p>Nous concevons et modifions des conteneurs maritimes de 20, 40, 45 et 53 pieds pour fournir un environnement contr\u00f4l\u00e9 optimis\u00e9 pour la production d\u2019une panoplie de produits d\u2019horticulture, floriculture et agriculture dans toutes sortes d\u2019environnements et de climats. En plus des l\u00e9gumes en feuilles, il est aussi possible de produire des herbes et d\u2019autres plantes aux racines peu profondes.<\/p>\n<p>Nos conteneurs hydroponiques sont compl\u00e8tement personnalisables, mobiles et empilables. Ils peuvent \u00eatre install\u00e9s \u00e0 l\u2019int\u00e9rieur de votre b\u00e2timent, sur le toit de votre usine, ou dans votre stationnement.<\/p>\n<\/div><\/div><\/div><\/div><\/div><div class=\"vc_col-sm-6 wpb_column vc_column_container cgb-textcol cgb-grey2bg cgb-benefitscol\"><div class=\"vc_column-inner\"><div class=\"wpb_wrapper\"><div class=\"g-cols wpb_row  type_boxes valign_top vc_inner\"><div class=\"vc_col-sm-6 wpb_column vc_column_container\"><div class=\"vc_column-inner\"><div class=\"wpb_wrapper\"><div class=\"w-iconbox iconpos_top style_default color_primary align_center\"><div class=\"w-iconbox-icon\" style=\"font-size:100;\"><i class=\"fal fa-sliders-v\"><\/i><\/div><div class=\"w-iconbox-meta\"><h5 class=\"w-iconbox-title\">Contr\u00f4le<\/h5><div class=\"w-iconbox-text\"><p>Cr\u00e9ez votre propre microclimat id\u00e9al.<\/p>\n<\/div><\/div><\/div><\/div><\/div><\/div><div class=\"vc_col-sm-6 wpb_column vc_column_container\"><div class=\"vc_column-inner\"><div class=\"wpb_wrapper\"><div class=\"w-iconbox iconpos_top style_default color_primary align_center\"><div class=\"w-iconbox-icon\" style=\"font-size:100;\"><i class=\"fal fa-check-circle\"><\/i><\/div><div class=\"w-iconbox-meta\"><h5 class=\"w-iconbox-title\">Qualit\u00e9<\/h5><div class=\"w-iconbox-text\"><p>Cultiver des produits de haute qualit\u00e9, de fa\u00e7on constante.<\/p>\n<\/div><\/div><\/div><\/div><\/div><\/div><\/div><div class=\"g-cols wpb_row  type_boxes valign_top vc_inner\"><div class=\"vc_col-sm-6 wpb_column vc_column_container\"><div class=\"vc_column-inner\"><div class=\"wpb_wrapper\"><div class=\"w-iconbox iconpos_top style_default color_primary align_center\"><div class=\"w-iconbox-icon\" style=\"font-size:100;\"><i class=\"fal fa-map-marker-smile\"><\/i><\/div><div class=\"w-iconbox-meta\"><h5 class=\"w-iconbox-title\">R\u00e9gionale!<\/h5><div class=\"w-iconbox-text\"><p>Rapprochez-vous de vos clients.<\/p>\n<\/div><\/div><\/div><\/div><\/div><\/div><div class=\"vc_col-sm-6 wpb_column vc_column_container\"><div class=\"vc_column-inner\"><div class=\"wpb_wrapper\"><div class=\"w-iconbox iconpos_top style_default color_primary align_center\"><div class=\"w-iconbox-icon\" style=\"font-size:100;\"><i class=\"fal fa-arrow-square-up\"><\/i><\/div><div class=\"w-iconbox-meta\"><h5 class=\"w-iconbox-title\">Rendement<\/h5><div class=\"w-iconbox-text\"><p>Augmenter l\u2019efficacit\u00e9 et maximiser la production.<\/p>\n<\/div><\/div><\/div><\/div><\/div><\/div><\/div><\/div><\/div><\/div><\/div><\/div><\/section><section class=\"l-section wpb_row height_auto width_full cgb-greybg\"><div class=\"l-section-h i-cf\"><div class=\"g-cols vc_row type_default valign_top\"><div class=\"vc_col-sm-6 wpb_column vc_column_container has-fill cgb-bgimgcol\"><div class=\"vc_column-inner us_custom_2aa175ec \"><div class=\"wpb_wrapper\"><\/div><\/div><\/div><div class=\"vc_col-sm-6 wpb_column vc_column_container cgb-textcol\"><div class=\"vc_column-inner\"><div class=\"wpb_wrapper\"><div class=\"w-separator size_small\"><\/div>[vc_custom_heading text=\u00a0\u00bbConteneurs verdurettes\u00a0\u00bb font_container=\u00a0\u00bbtag:h3|text_align:left\u00a0\u00bb use_theme_fonts=\u00a0\u00bbyes\u00a0\u00bb][vc_raw_html]JTNDZGl2JTIwY2xhc3MlM0QlMjJjZ2ItZGl2aWRlciUyMiUzRSUzQyUyRmRpdiUzRQ==[\/vc_raw_html]<div class=\"wpb_text_column\" ><div class=\"wpb_wrapper\"><p>Les verdurettes, ou micro-feuilles, sont au c\u0153ur de la nutrition de demain. Notre conteneur sp\u00e9cialement con\u00e7u vous permet de d\u00e9marrer rapidement, ou d\u2019\u00e9tendre votre op\u00e9ration pour r\u00e9pondre \u00e0 la demande du march\u00e9.<\/p>\n<\/div><\/div><div class=\"w-separator size_small\"><\/div><\/div><\/div><\/div><\/div><\/div><\/section><section class=\"l-section wpb_row height_auto width_full cgb-greybg\"><div class=\"l-section-h i-cf\"><div class=\"g-cols vc_row type_default valign_top reversed\"><div class=\"vc_col-sm-6 wpb_column vc_column_container cgb-textcol\"><div class=\"vc_column-inner\"><div class=\"wpb_wrapper\"><div class=\"w-separator size_small\"><\/div>[vc_custom_heading text=\u00a0\u00bbBo\u00eete de l\u00e9gumes-feuilles et herbes\u00a0\u00bb font_container=\u00a0\u00bbtag:h3|text_align:left\u00a0\u00bb use_theme_fonts=\u00a0\u00bbyes\u00a0\u00bb][vc_raw_html]JTNDZGl2JTIwY2xhc3MlM0QlMjJjZ2ItZGl2aWRlciUyMiUzRSUzQyUyRmRpdiUzRQ==[\/vc_raw_html]<div class=\"wpb_text_column\" ><div class=\"wpb_wrapper\"><p>Les l\u00e9gumes-feuilles, comme la laitue et le chou fris\u00e9, jouent un r\u00f4le vital dans la production alimentaire r\u00e9gionale. Notre solution unique vous permet de produire un l\u00e9gume feuillu final exceptionnel qui r\u00e9pondra \u00e0 la demande du march\u00e9 local.<\/p>\n<\/div><\/div><div class=\"w-separator size_small\"><\/div><\/div><\/div><\/div><div class=\"vc_col-sm-6 wpb_column vc_column_container has-fill cgb-bgimgcol\"><div class=\"vc_column-inner us_custom_b1269008 \"><div class=\"wpb_wrapper\"><\/div><\/div><\/div><\/div><\/div><\/section><section class=\"l-section wpb_row height_auto width_full cgb-greybg\"><div class=\"l-section-h i-cf\"><div class=\"g-cols vc_row type_default valign_top\"><div class=\"vc_col-sm-6 wpb_column vc_column_container has-fill cgb-bgimgcol\"><div class=\"vc_column-inner us_custom_363d85c0 \"><div class=\"wpb_wrapper\"><\/div><\/div><\/div><div class=\"vc_col-sm-6 wpb_column vc_column_container cgb-textcol\"><div class=\"vc_column-inner\"><div class=\"wpb_wrapper\"><div class=\"w-separator size_small\"><\/div>[vc_custom_heading text=\u00a0\u00bbConteneurs \u00e0 fruits\u00a0\u00bb font_container=\u00a0\u00bbtag:h3|text_align:left\u00a0\u00bb use_theme_fonts=\u00a0\u00bbyes\u00a0\u00bb][vc_raw_html]JTNDZGl2JTIwY2xhc3MlM0QlMjJjZ2ItZGl2aWRlciUyMiUzRSUzQyUyRmRpdiUzRQ==[\/vc_raw_html]<div class=\"wpb_text_column\" ><div class=\"wpb_wrapper\"><p>Produire des fruits de haute qualit\u00e9 comme les fraises et les bleuets dans un environnement urbain peut \u00eatre difficile. Notre conteneur \u00e0 fruits est sp\u00e9cialement con\u00e7u pour vous permettre de cultiver des produits frais toute l\u2019ann\u00e9e, dans n\u2019importe quel climat.<\/p>\n<\/div><\/div><div class=\"w-separator size_small\"><\/div><\/div><\/div><\/div><\/div><\/div><\/section><section class=\"l-section wpb_row height_auto width_full\"><div class=\"l-section-h i-cf\"><div class=\"g-cols vc_row type_default valign_top\"><div class=\"vc_col-sm-6 wpb_column vc_column_container cgb-textcol\"><div class=\"vc_column-inner\"><div class=\"wpb_wrapper\">[vc_custom_heading text=\u00a0\u00bbDes solutions adapt\u00e9es \u00e0 vos besoins\u00a0\u00bb font_container=\u00a0\u00bbtag:h3|text_align:left\u00a0\u00bb use_theme_fonts=\u00a0\u00bbyes\u00a0\u00bb el_class=\u00a0\u00bbcgb-greenh\u00a0\u00bb][vc_raw_html]JTNDZGl2JTIwY2xhc3MlM0QlMjJjZ2ItZGl2aWRlcjIlMjIlM0UlM0MlMkZkaXYlM0U=[\/vc_raw_html]<div class=\"wpb_text_column\" ><div class=\"wpb_wrapper\"><p>Container Grow Box est le principal modificateur de conteneurs d\u2019exp\u00e9dition modulaire au Canada pour les industries de la culture hydroponique. Nos conteneurs sont con\u00e7us pour accommoder tous les aspects du processus de culture et offrent aux producteurs une solution cl\u00e9 en main qui peut \u00eatre adapt\u00e9e aux besoins sp\u00e9cifiques du producteur.<\/p>\n<\/div><\/div><div class=\"w-btn-wrapper width_auto align_left\"><a class=\"w-btn us-btn-style_2\" href=\"\/fr\/processus\/\"><span class=\"w-btn-label\">Notre processus<\/span><\/a><\/div><\/div><\/div><\/div><div class=\"vc_col-sm-6 wpb_column vc_column_container cgb-textcol cgb-greenbg\"><div class=\"vc_column-inner\"><div class=\"wpb_wrapper\">[vc_custom_heading text=\u00a0\u00bbFAQs\u00a0\u00bb font_container=\u00a0\u00bbtag:h3|text_align:left\u00a0\u00bb use_theme_fonts=\u00a0\u00bbyes\u00a0\u00bb el_class=\u00a0\u00bbcgb-whiteh\u00a0\u00bb][vc_raw_html]JTNDZGl2JTIwY2xhc3MlM0QlMjJjZ2ItZGl2aWRlcjMlMjIlM0UlM0MlMkZkaXYlM0U=[\/vc_raw_html]<div class=\"w-tabs us_custom_050cfafe style_default switch_click accordion title_atleft icon_chevron iconpos_right\"><div class=\"w-tabs-sections\"><div class=\"w-tabs-sections-h\"><div class=\"w-tabs-section\" id=\"1588881540541-429539eb-1413\"><button class=\"w-tabs-section-header\" aria-controls=\"content-1588881540541-429539eb-1413\"><div class=\"w-tabs-section-header-h\"><div class=\"w-tabs-section-title\">Combien co\u00fbte un conteneur?<\/div><div class=\"w-tabs-section-control\"><\/div><\/div><\/button><div class=\"w-tabs-section-content\" id=\"content-1588881540541-429539eb-1413\" aria-expanded=\"false\"><div class=\"w-tabs-section-content-h i-cf\"><div class=\"wpb_text_column\" ><div class=\"wpb_wrapper\"><ul>\n<li>20\u2019 ou 6,09m commence \u00e0 39 000$<\/li>\n<li>40\u2019 ou 12,19m commence \u00e0 75 000$<\/li>\n<li>53\u2019 ou 16,15m commence \u00e0 95 000$<\/li>\n<\/ul>\n<\/div><\/div><\/div><\/div><\/div><div class=\"w-tabs-section\" id=\"1588881575689-e0a44c84-8bbf\"><button class=\"w-tabs-section-header\" aria-controls=\"content-1588881575689-e0a44c84-8bbf\"><div class=\"w-tabs-section-header-h\"><div class=\"w-tabs-section-title\">Combien de temps faudra-t-il pour recevoir mon conteneur?<\/div><div class=\"w-tabs-section-control\"><\/div><\/div><\/button><div class=\"w-tabs-section-content\" id=\"content-1588881575689-e0a44c84-8bbf\" aria-expanded=\"false\"><div class=\"w-tabs-section-content-h i-cf\"><div class=\"wpb_text_column\" ><div class=\"wpb_wrapper\"><p>Selon la p\u00e9riode de l\u2019ann\u00e9e, le d\u00e9lai est entre 3 \u00e0 6 semaines.<\/p>\n<\/div><\/div><\/div><\/div><\/div><div class=\"w-tabs-section\" id=\"1588881589281-4ceacdab-5879\"><button class=\"w-tabs-section-header\" aria-controls=\"content-1588881589281-4ceacdab-5879\"><div class=\"w-tabs-section-header-h\"><div class=\"w-tabs-section-title\">Est-ce que le conteneur est certifi\u00e9 GAP\/MAPAQ?<\/div><div class=\"w-tabs-section-control\"><\/div><\/div><\/button><div class=\"w-tabs-section-content\" id=\"content-1588881589281-4ceacdab-5879\" aria-expanded=\"false\"><div class=\"w-tabs-section-content-h i-cf\"><div class=\"wpb_text_column\" ><div class=\"wpb_wrapper\"><p>Oui, toutes nos solutions \u2018plug and play\u2019 respectent les exigences MAPAQ mondiales. Vous devez toutefois de faire approuver votre unit\u00e9 une fois livr\u00e9e \u00e0 votre emplacement.<\/p>\n<\/div><\/div><\/div><\/div><\/div><div class=\"w-tabs-section\" id=\"1588881586960-a6bf0cad-95c2\"><button class=\"w-tabs-section-header\" aria-controls=\"content-1588881586960-a6bf0cad-95c2\"><div class=\"w-tabs-section-header-h\"><div class=\"w-tabs-section-title\">Offrez-vous des options de financement?<\/div><div class=\"w-tabs-section-control\"><\/div><\/div><\/button><div class=\"w-tabs-section-content\" id=\"content-1588881586960-a6bf0cad-95c2\" aria-expanded=\"false\"><div class=\"w-tabs-section-content-h i-cf\"><div class=\"wpb_text_column\" ><div class=\"wpb_wrapper\"><p>Nous n\u2019offrons pas de financement interne, mais nous pouvons vous aider \u00e0 naviguer les programmes provinciaux et f\u00e9d\u00e9raux et vous guider vers des tiers pour obtenir du financement.<\/p>\n<\/div><\/div><\/div><\/div><\/div><div class=\"w-tabs-section\" id=\"1588881584113-2dc633ae-12b7\"><button class=\"w-tabs-section-header\" aria-controls=\"content-1588881584113-2dc633ae-12b7\"><div class=\"w-tabs-section-header-h\"><div class=\"w-tabs-section-title\">Que puis-je faire pousser dans le contenant?<\/div><div class=\"w-tabs-section-control\"><\/div><\/div><\/button><div class=\"w-tabs-section-content\" id=\"content-1588881584113-2dc633ae-12b7\" aria-expanded=\"false\"><div class=\"w-tabs-section-content-h i-cf\"><div class=\"wpb_text_column\" ><div class=\"wpb_wrapper\"><p>Vous trouverez ci-dessous de nombreux exemples de cultures que vous pouvez cultiver dans nos contenants. Vous cherchez \u00e0 cultiver autre chose? Faites-nous le savoir!<\/p>\n<\/div><\/div><div class=\"g-cols wpb_row  type_default valign_top vc_inner\"><div class=\"vc_col-sm-4 wpb_column vc_column_container\"><div class=\"vc_column-inner\"><div class=\"wpb_wrapper\"><div class=\"wpb_text_column\" ><div class=\"wpb_wrapper\"><ul>\n<li>Laitue \u00e0 t\u00eate miniature<\/li>\n<li>Laitue pleine t\u00eate<\/li>\n<\/ul>\n<\/div><\/div><\/div><\/div><\/div><div class=\"vc_col-sm-4 wpb_column vc_column_container\"><div class=\"vc_column-inner\"><div class=\"wpb_wrapper\"><div class=\"wpb_text_column\" ><div class=\"wpb_wrapper\"><ul>\n<li>Verts de moutarde \u00e0 carde<\/li>\n<li>Feuilles de chou<\/li>\n<\/ul>\n<\/div><\/div><\/div><\/div><\/div><div class=\"vc_col-sm-4 wpb_column vc_column_container\"><div class=\"vc_column-inner\"><div class=\"wpb_wrapper\"><div class=\"wpb_text_column\" ><div class=\"wpb_wrapper\"><ul>\n<li>Fris\u00e9e (Endives)<\/li>\n<li>Radis (d\u2019avignon)<\/li>\n<\/ul>\n<\/div><\/div><\/div><\/div><\/div><\/div><div class=\"w-separator size_small\"><\/div><div class=\"wpb_text_column\" ><div class=\"wpb_wrapper\"><p>Crops with varying success:<\/p>\n<\/div><\/div><div class=\"g-cols wpb_row  type_default valign_top vc_inner\"><div class=\"vc_col-sm-4 wpb_column vc_column_container\"><div class=\"vc_column-inner\"><div class=\"wpb_wrapper\"><div class=\"wpb_text_column\" ><div class=\"wpb_wrapper\"><ul>\n<li>\u00c9pinards<\/li>\n<li>Pourpier<\/li>\n<li>B\u00e9b\u00e9s navets<\/li>\n<li>Sorrel<\/li>\n<li>Basil<\/li>\n<li>Ciboulette<\/li>\n<li>Coriandre<\/li>\n<li>Menthe<\/li>\n<li>Chervil<\/li>\n<\/ul>\n<\/div><\/div><\/div><\/div><\/div><div class=\"vc_col-sm-4 wpb_column vc_column_container\"><div class=\"vc_column-inner\"><div class=\"wpb_wrapper\"><div class=\"wpb_text_column\" ><div class=\"wpb_wrapper\"><ul>\n<li>Aneth<\/li>\n<li>Tatsoi<\/li>\n<li>Roquette<\/li>\n<li>Escarole<\/li>\n<li>Kale<\/li>\n<li>Pissenlit<\/li>\n<li>Calendula<\/li>\n<li>Colliers<\/li>\n<li>Sauge<\/li>\n<\/ul>\n<\/div><\/div><\/div><\/div><\/div><div class=\"vc_col-sm-4 wpb_column vc_column_container\"><div class=\"vc_column-inner\"><div class=\"wpb_wrapper\"><div class=\"wpb_text_column\" ><div class=\"wpb_wrapper\"><ul>\n<li>Marjolaine<\/li>\n<li>Origan<\/li>\n<li>C\u00e9leri chinois<\/li>\n<li>Feuille de fenouil<\/li>\n<li>Persil<\/li>\n<li>Romarin<\/li>\n<li>Oignons verts<\/li>\n<li>Cresson<\/li>\n<\/ul>\n<\/div><\/div><\/div><\/div><\/div><\/div><\/div><\/div><\/div><\/div><\/div><\/div><\/div><\/div><\/div><\/div><\/div><\/section><section class=\"l-section wpb_row height_large cgb-cta1 with_overlay\"><div class=\"l-section-overlay\" style=\"background: #EFF2ED\"><\/div><div class=\"l-section-h i-cf\"><div class=\"g-cols vc_row type_default valign_middle\"><div class=\"vc_col-sm-8 wpb_column vc_column_container\"><div class=\"vc_column-inner\"><div class=\"wpb_wrapper\">[vc_custom_heading text=\u00a0\u00bbPr\u00eat \u00e0 commencer?\u00a0\u00bb font_container=\u00a0\u00bbtag:h6|text_align:left\u00a0\u00bb]<\/div><\/div><\/div><div class=\"vc_col-sm-4 wpb_column vc_column_container\"><div class=\"vc_column-inner\"><div class=\"wpb_wrapper\"><div class=\"w-btn-wrapper width_auto align_right\"><a class=\"w-btn us-btn-style_7\" href=\"\/fr\/contact\/\"><span class=\"w-btn-label\">Contactez-nous<\/span><\/a><\/div><\/div><\/div><\/div><\/div><\/div><\/section>\n","protected":false},"excerpt":{"rendered":"[vc_custom_heading text=\"Conteneurs agriculturels\" font_container=\"tag:h1|text_align:center\" use_theme_fonts=\"yes\" el_class=\"cgb-titlebarh\"][vc_custom_heading text=\"Le futur de culture hyper-local\" font_container=\"tag:h3|text_align:left\" use_theme_fonts=\"yes\" el_class=\"cgb-greenh\"][vc_raw_html]JTNDZGl2JTIwY2xhc3MlM0QlMjJjZ2ItZGl2aWRlcjIlMjIlM0UlM0MlMkZkaXYlM0U=[\/vc_raw_html]Les conteneurs hydroponiques de CGB sont un environnement de production modulaire et mobile de haute technologie con\u00e7u pour une grande vari\u00e9t\u00e9 de cultures, de produits botaniques et de mod\u00e8les d\u2019entreprise. Nous concevons et modifions des conteneurs maritimes de 20, 40, 45 et...","protected":false},"author":1,"featured_media":0,"parent":0,"menu_order":0,"comment_status":"closed","ping_status":"closed","template":"","meta":{"_monsterinsights_skip_tracking":false,"_monsterinsights_sitenote_active":false,"_monsterinsights_sitenote_note":"","_monsterinsights_sitenote_category":0},"yoast_head":"<!-- This site is optimized with the Yoast SEO plugin v18.9 - https:\/\/yoast.com\/wordpress\/plugins\/seo\/ -->\n<title>Conteneurs agriculturels - Container Grow Box<\/title>\n<meta name=\"robots\" content=\"index, follow, max-snippet:-1, max-image-preview:large, max-video-preview:-1\" \/>\n<link rel=\"canonical\" href=\"https:\/\/containergrowbox.com\/fr\/agriculturels\/\" \/>\n<meta property=\"og:locale\" content=\"fr_FR\" \/>\n<meta property=\"og:type\" content=\"article\" \/>\n<meta property=\"og:title\" content=\"Conteneurs agriculturels - Container Grow Box\" \/>\n<meta property=\"og:url\" content=\"https:\/\/containergrowbox.com\/fr\/agriculturels\/\" \/>\n<meta property=\"og:site_name\" content=\"Container Grow Box\" \/>\n<meta property=\"article:modified_time\" content=\"2021-04-17T17:50:19+00:00\" \/>\n<meta name=\"twitter:card\" content=\"summary_large_image\" \/>\n<meta name=\"twitter:label1\" content=\"Dur\u00e9e de lecture estim\u00e9e\" \/>\n\t<meta name=\"twitter:data1\" content=\"3 minutes\" \/>\n<script type=\"application\/ld+json\" class=\"yoast-schema-graph\">{\"@context\":\"https:\/\/schema.org\",\"@graph\":[{\"@type\":\"WebSite\",\"@id\":\"https:\/\/containergrowbox.com\/#website\",\"url\":\"https:\/\/containergrowbox.com\/\",\"name\":\"Container Grow Box\",\"description\":\"\",\"potentialAction\":[{\"@type\":\"SearchAction\",\"target\":{\"@type\":\"EntryPoint\",\"urlTemplate\":\"https:\/\/containergrowbox.com\/?s={search_term_string}\"},\"query-input\":\"required name=search_term_string\"}],\"inLanguage\":\"fr-FR\"},{\"@type\":\"WebPage\",\"@id\":\"https:\/\/containergrowbox.com\/fr\/agriculturels\/#webpage\",\"url\":\"https:\/\/containergrowbox.com\/fr\/agriculturels\/\",\"name\":\"Conteneurs agriculturels - Container Grow Box\",\"isPartOf\":{\"@id\":\"https:\/\/containergrowbox.com\/#website\"},\"datePublished\":\"2020-08-21T04:13:27+00:00\",\"dateModified\":\"2021-04-17T17:50:19+00:00\",\"breadcrumb\":{\"@id\":\"https:\/\/containergrowbox.com\/fr\/agriculturels\/#breadcrumb\"},\"inLanguage\":\"fr-FR\",\"potentialAction\":[{\"@type\":\"ReadAction\",\"target\":[\"https:\/\/containergrowbox.com\/fr\/agriculturels\/\"]}]},{\"@type\":\"BreadcrumbList\",\"@id\":\"https:\/\/containergrowbox.com\/fr\/agriculturels\/#breadcrumb\",\"itemListElement\":[{\"@type\":\"ListItem\",\"position\":1,\"name\":\"Home\",\"item\":\"https:\/\/containergrowbox.com\/fr\/\"},{\"@type\":\"ListItem\",\"position\":2,\"name\":\"Conteneurs agriculturels\"}]}]}<\/script>\n<!-- \/ Yoast SEO plugin. -->","yoast_head_json":{"title":"Conteneurs agriculturels - Container Grow Box","robots":{"index":"index","follow":"follow","max-snippet":"max-snippet:-1","max-image-preview":"max-image-preview:large","max-video-preview":"max-video-preview:-1"},"canonical":"https:\/\/containergrowbox.com\/fr\/agriculturels\/","og_locale":"fr_FR","og_type":"article","og_title":"Conteneurs agriculturels - Container Grow Box","og_url":"https:\/\/containergrowbox.com\/fr\/agriculturels\/","og_site_name":"Container Grow Box","article_modified_time":"2021-04-17T17:50:19+00:00","twitter_card":"summary_large_image","twitter_misc":{"Dur\u00e9e de lecture estim\u00e9e":"3 minutes"},"schema":{"@context":"https:\/\/schema.org","@graph":[{"@type":"WebSite","@id":"https:\/\/containergrowbox.com\/#website","url":"https:\/\/containergrowbox.com\/","name":"Container Grow Box","description":"","potentialAction":[{"@type":"SearchAction","target":{"@type":"EntryPoint","urlTemplate":"https:\/\/containergrowbox.com\/?s={search_term_string}"},"query-input":"required name=search_term_string"}],"inLanguage":"fr-FR"},{"@type":"WebPage","@id":"https:\/\/containergrowbox.com\/fr\/agriculturels\/#webpage","url":"https:\/\/containergrowbox.com\/fr\/agriculturels\/","name":"Conteneurs agriculturels - Container Grow Box","isPartOf":{"@id":"https:\/\/containergrowbox.com\/#website"},"datePublished":"2020-08-21T04:13:27+00:00","dateModified":"2021-04-17T17:50:19+00:00","breadcrumb":{"@id":"https:\/\/containergrowbox.com\/fr\/agriculturels\/#breadcrumb"},"inLanguage":"fr-FR","potentialAction":[{"@type":"ReadAction","target":["https:\/\/containergrowbox.com\/fr\/agriculturels\/"]}]},{"@type":"BreadcrumbList","@id":"https:\/\/containergrowbox.com\/fr\/agriculturels\/#breadcrumb","itemListElement":[{"@type":"ListItem","position":1,"name":"Home","item":"https:\/\/containergrowbox.com\/fr\/"},{"@type":"ListItem","position":2,"name":"Conteneurs agriculturels"}]}]}},"_links":{"self":[{"href":"https:\/\/containergrowbox.com\/fr\/wp-json\/wp\/v2\/pages\/442"}],"collection":[{"href":"https:\/\/containergrowbox.com\/fr\/wp-json\/wp\/v2\/pages"}],"about":[{"href":"https:\/\/containergrowbox.com\/fr\/wp-json\/wp\/v2\/types\/page"}],"author":[{"embeddable":true,"href":"https:\/\/containergrowbox.com\/fr\/wp-json\/wp\/v2\/users\/1"}],"replies":[{"embeddable":true,"href":"https:\/\/containergrowbox.com\/fr\/wp-json\/wp\/v2\/comments?post=442"}],"version-history":[{"count":5,"href":"https:\/\/containergrowbox.com\/fr\/wp-json\/wp\/v2\/pages\/442\/revisions"}],"predecessor-version":[{"id":638,"href":"https:\/\/containergrowbox.com\/fr\/wp-json\/wp\/v2\/pages\/442\/revisions\/638"}],"wp:attachment":[{"href":"https:\/\/containergrowbox.com\/fr\/wp-json\/wp\/v2\/media?parent=442"}],"curies":[{"name":"wp","href":"https:\/\/api.w.org\/{rel}","templated":true}]}}