{"id":452,"date":"2020-08-21T04:31:25","date_gmt":"2020-08-21T04:31:25","guid":{"rendered":"https:\/\/containergrowbox.com\/?page_id=452"},"modified":"2020-08-21T04:37:37","modified_gmt":"2020-08-21T04:37:37","slug":"processus","status":"publish","type":"page","link":"https:\/\/containergrowbox.com\/fr\/processus\/","title":{"rendered":"Processus"},"content":{"rendered":"<section class=\"l-section wpb_row height_auto width_full cgb-titlebar with_img with_overlay\"><div class=\"l-section-img\" style=\"background-image: url(https:\/\/containergrowbox.com\/wp-content\/uploads\/2020\/06\/close-up-photo-of-green-leafed-plants-1213859-scaled.jpg);\" data-img-width=\"2560\" data-img-height=\"1920\"><\/div><div class=\"l-section-overlay\" style=\"background: rgba(0,0,0,0.50)\"><\/div><div class=\"l-section-h i-cf\"><div class=\"g-cols vc_row type_default valign_top\"><div class=\"vc_col-sm-12 wpb_column vc_column_container\"><div class=\"vc_column-inner\"><div class=\"wpb_wrapper\">[vc_custom_heading text=\u00a0\u00bbNotre processus\u00a0\u00bb font_container=\u00a0\u00bbtag:h1|text_align:center\u00a0\u00bb use_theme_fonts=\u00a0\u00bbyes\u00a0\u00bb el_class=\u00a0\u00bbcgb-titlebarh\u00a0\u00bb]<\/div><\/div><\/div><\/div><\/div><\/section><section class=\"l-section wpb_row height_auto cgb-textcol\"><div class=\"l-section-h i-cf\"><div class=\"g-cols vc_row type_default valign_top\"><div class=\"vc_col-sm-12 wpb_column vc_column_container\"><div class=\"vc_column-inner\"><div class=\"wpb_wrapper\">[vc_custom_heading text=\u00a0\u00bbNotre fa\u00e7on de travailler\u00a0\u00bb font_container=\u00a0\u00bbtag:h3|text_align:center\u00a0\u00bb el_class=\u00a0\u00bbcgb-greenh\u00a0\u00bb][vc_raw_html]JTNDZGl2JTIwY2xhc3MlM0QlMjJjZ2ItZGl2aWRlcjIlMjBjZ2ItZGl2aWRlci1jZW50ZXIlMjIlM0UlM0MlMkZkaXYlM0U=[\/vc_raw_html]<div class=\"wpb_text_column\" ><div class=\"wpb_wrapper\"><p style=\"text-align: center;\">Contrairement \u00e0 d\u2019autres solutions de conteneurs, chez CBG, nous comprenons que chaque producteur, chaque culture et chaque emplacement pr\u00e9sente des d\u00e9fis et des opportunit\u00e9s uniques. C\u2019est pourquoi nous croyons en une solution personnalis\u00e9e qui r\u00e9pond \u00e0 vos besoins uniques. Chaque projet est con\u00e7u avec l\u2019approche du producteur, vous permettant de recevoir une solution sur mesure garantissant votre succ\u00e8s.<\/p>\n<\/div><\/div><div class=\"w-separator size_small\"><\/div><div class=\"w-btn-wrapper width_auto align_center\"><a class=\"w-btn us-btn-style_2\" href=\"#process\"><span class=\"w-btn-label\">Voir notre processus<\/span><\/a><\/div><div class=\"w-separator size_small\"><\/div><\/div><\/div><\/div><\/div><\/div><\/section><section class=\"l-section wpb_row height_auto cgb-greybg cgb-processblocks\"><div class=\"l-section-h i-cf\"><div class=\"g-cols vc_row type_default valign_top\"><div class=\"vc_col-sm-12 wpb_column vc_column_container\"><div class=\"vc_column-inner\"><div class=\"wpb_wrapper\"><div class=\"g-cols wpb_row  type_default valign_middle vc_inner cgb-processblock1\" id=\"process\"><div class=\"vc_col-sm-8 wpb_column vc_column_container\"><div class=\"vc_column-inner\"><div class=\"wpb_wrapper\">[vc_custom_heading text=\u00a0\u00bb1. Nous joindre\u00a0\u00bb font_container=\u00a0\u00bbtag:h3|text_align:left\u00a0\u00bb][vc_raw_html]JTNDZGl2JTIwY2xhc3MlM0QlMjJjZ2ItZGl2aWRlciUyMiUzRSUzQyUyRmRpdiUzRQ==[\/vc_raw_html]<div class=\"wpb_text_column\" ><div class=\"wpb_wrapper\"><p>Nous veillons \u00e0 ce que notre syst\u00e8me de culture hydroponique r\u00e9ponde parfaitement \u00e0 vos besoins! Contactez-nous afin que nous puissions cr\u00e9er un aper\u00e7u de votre projet, et ensuite plonger dans les d\u00e9tails.<\/p>\n<\/div><\/div><\/div><\/div><\/div><div class=\"vc_col-sm-4 wpb_column vc_column_container\"><div class=\"vc_column-inner\"><div class=\"wpb_wrapper\"><div class=\"w-iconbox iconpos_top style_default color_primary align_center no_title no_text\"><div class=\"w-iconbox-icon\" style=\"font-size:120px;\"><i class=\"fad fa-comments-alt\"><\/i><\/div><div class=\"w-iconbox-meta\"><\/div><\/div><\/div><\/div><\/div><\/div><div class=\"g-cols wpb_row  type_default valign_middle vc_inner\"><div class=\"vc_col-sm-8 wpb_column vc_column_container\"><div class=\"vc_column-inner\"><div class=\"wpb_wrapper\">[vc_custom_heading text=\u00a0\u00bb2. Commencer la planification\u00a0\u00bb font_container=\u00a0\u00bbtag:h3|text_align:left\u00a0\u00bb][vc_raw_html]JTNDZGl2JTIwY2xhc3MlM0QlMjJjZ2ItZGl2aWRlciUyMiUzRSUzQyUyRmRpdiUzRQ==[\/vc_raw_html]<div class=\"wpb_text_column\" ><div class=\"wpb_wrapper\"><p>Avec un bon plan, vous \u00eates d\u00e9j\u00e0 \u00e0 mi-chemin d\u2019une entreprise r\u00e9ussie. Nous vous aiderons \u00e0 \u00e9valuer votre march\u00e9 et vos clients potentiels avant de passer \u00e0 l\u2019\u00e9tape de d\u00e9veloppement d\u2019affaires.<\/p>\n<\/div><\/div><\/div><\/div><\/div><div class=\"vc_col-sm-4 wpb_column vc_column_container\"><div class=\"vc_column-inner\"><div class=\"wpb_wrapper\"><div class=\"w-iconbox iconpos_top style_default color_primary align_center no_title no_text\"><div class=\"w-iconbox-icon\" style=\"font-size:120px;\"><i class=\"fad fa-list-alt\"><\/i><\/div><div class=\"w-iconbox-meta\"><\/div><\/div><\/div><\/div><\/div><\/div><div class=\"g-cols wpb_row  type_default valign_middle vc_inner\"><div class=\"vc_col-sm-8 wpb_column vc_column_container\"><div class=\"vc_column-inner\"><div class=\"wpb_wrapper\">[vc_custom_heading text=\u00a0\u00bb3. Syst\u00e8me\u00a0\u00bb font_container=\u00a0\u00bbtag:h3|text_align:left\u00a0\u00bb][vc_raw_html]JTNDZGl2JTIwY2xhc3MlM0QlMjJjZ2ItZGl2aWRlciUyMiUzRSUzQyUyRmRpdiUzRQ==[\/vc_raw_html]<div class=\"wpb_text_column\" ><div class=\"wpb_wrapper\"><p>C\u2019est d\u00e9sormais le moment de prendre des d\u00e9cisions sur le syst\u00e8me Grow Box m\u00eame. Nous vous aiderons \u00e0 d\u00e9terminer les m\u00e9thodes de culture pr\u00e9f\u00e9r\u00e9es, l\u2019\u00e9clairage et l\u2019automatisation des processus. Nous vous aiderons \u00e9galement \u00e0 choisir la bonne infrastructure, le bon emplacement (int\u00e9rieur\/ext\u00e9rieur), les exigences d\u2019isolation thermique, et les options de puissance.<\/p>\n<\/div><\/div><\/div><\/div><\/div><div class=\"vc_col-sm-4 wpb_column vc_column_container\"><div class=\"vc_column-inner\"><div class=\"wpb_wrapper\"><div class=\"w-iconbox iconpos_top style_default color_primary align_center no_title no_text\"><div class=\"w-iconbox-icon\" style=\"font-size:120px;\"><i class=\"fad fa-ruler-triangle\"><\/i><\/div><div class=\"w-iconbox-meta\"><\/div><\/div><\/div><\/div><\/div><\/div><div class=\"g-cols wpb_row  type_default valign_middle vc_inner\"><div class=\"vc_col-sm-8 wpb_column vc_column_container\"><div class=\"vc_column-inner\"><div class=\"wpb_wrapper\">[vc_custom_heading text=\u00a0\u00bb4. Emplacement\u00a0\u00bb font_container=\u00a0\u00bbtag:h3|text_align:left\u00a0\u00bb][vc_raw_html]JTNDZGl2JTIwY2xhc3MlM0QlMjJjZ2ItZGl2aWRlciUyMiUzRSUzQyUyRmRpdiUzRQ==[\/vc_raw_html]<div class=\"wpb_text_column\" ><div class=\"wpb_wrapper\"><p>Le choix d\u2019un emplacement convenable pour votre Grow Box signifie que vous pourriez \u00e9galement avoir besoin d\u2019obtenir certaines approbations de votre arrondissement, tel que les permis de la municipalit\u00e9 et zonage. Nous vous fournirons des conseils sur ce sujet lorsque cela vous sera utile.<\/p>\n<\/div><\/div><\/div><\/div><\/div><div class=\"vc_col-sm-4 wpb_column vc_column_container\"><div class=\"vc_column-inner\"><div class=\"wpb_wrapper\"><div class=\"w-iconbox iconpos_top style_default color_primary align_center no_title no_text\"><div class=\"w-iconbox-icon\" style=\"font-size:120px;\"><i class=\"fad fa-search-location\"><\/i><\/div><div class=\"w-iconbox-meta\"><\/div><\/div><\/div><\/div><\/div><\/div><div class=\"g-cols wpb_row  type_default valign_middle vc_inner\"><div class=\"vc_col-sm-8 wpb_column vc_column_container\"><div class=\"vc_column-inner\"><div class=\"wpb_wrapper\">[vc_custom_heading text=\u00a0\u00bb5. Investir\u00a0\u00bb font_container=\u00a0\u00bbtag:h3|text_align:left\u00a0\u00bb][vc_raw_html]JTNDZGl2JTIwY2xhc3MlM0QlMjJjZ2ItZGl2aWRlciUyMiUzRSUzQyUyRmRpdiUzRQ==[\/vc_raw_html]<div class=\"wpb_text_column\" ><div class=\"wpb_wrapper\"><p>Maintenant vous devez finaliser votre financement afin de proc\u00e9der avec l\u2019achat d\u2019un syst\u00e8me Grow Box. Nous offrons des liens de financement de tiers avec des financiers exp\u00e9riment\u00e9s dans l\u2019industrie des conteneurs modulaires.<\/p>\n<\/div><\/div><\/div><\/div><\/div><div class=\"vc_col-sm-4 wpb_column vc_column_container\"><div class=\"vc_column-inner\"><div class=\"wpb_wrapper\"><div class=\"w-iconbox iconpos_top style_default color_primary align_center no_title no_text\"><div class=\"w-iconbox-icon\" style=\"font-size:120px;\"><i class=\"fad fa-usd-square\"><\/i><\/div><div class=\"w-iconbox-meta\"><\/div><\/div><\/div><\/div><\/div><\/div><div class=\"g-cols wpb_row  type_default valign_middle vc_inner\"><div class=\"vc_col-sm-8 wpb_column vc_column_container\"><div class=\"vc_column-inner\"><div class=\"wpb_wrapper\">[vc_custom_heading text=\u00a0\u00bb6. Construction et livraison\u00a0\u00bb font_container=\u00a0\u00bbtag:h3|text_align:left\u00a0\u00bb][vc_raw_html]JTNDZGl2JTIwY2xhc3MlM0QlMjJjZ2ItZGl2aWRlciUyMiUzRSUzQyUyRmRpdiUzRQ==[\/vc_raw_html]<div class=\"wpb_text_column\" ><div class=\"wpb_wrapper\"><p>Passons \u00e0 l\u2019action en construisant votre solution Grow Box personnalis\u00e9e. Vous serez tenu inform\u00e9 avec des visites virtuelles de votre conteneur. Nous poss\u00e9dons notre propre entreprise de transport, donc la logistique est un autre casse-t\u00eate dont vous n\u2019avez pas \u00e0 vous inqui\u00e9ter!<\/p>\n<\/div><\/div><\/div><\/div><\/div><div class=\"vc_col-sm-4 wpb_column vc_column_container\"><div class=\"vc_column-inner\"><div class=\"wpb_wrapper\"><div class=\"w-iconbox iconpos_top style_default color_primary align_center no_title no_text\"><div class=\"w-iconbox-icon\" style=\"font-size:120px;\"><i class=\"fad fa-tools\"><\/i><\/div><div class=\"w-iconbox-meta\"><\/div><\/div><\/div><\/div><\/div><\/div><div class=\"g-cols wpb_row  type_default valign_middle vc_inner cgb-processblock-last\"><div class=\"vc_col-sm-8 wpb_column vc_column_container\"><div class=\"vc_column-inner\"><div class=\"wpb_wrapper\">[vc_custom_heading text=\u00a0\u00bb7. Formation et lancement\u00a0\u00bb font_container=\u00a0\u00bbtag:h3|text_align:left\u00a0\u00bb][vc_raw_html]JTNDZGl2JTIwY2xhc3MlM0QlMjJjZ2ItZGl2aWRlciUyMiUzRSUzQyUyRmRpdiUzRQ==[\/vc_raw_html]<div class=\"wpb_text_column\" ><div class=\"wpb_wrapper\"><p>Nous serons sur place pour vous assister avec l\u2019installation de votre nouveau syst\u00e8me et votre premi\u00e8re s\u00e9rie de plantes! Cela inclut une pr\u00e9sentation \u00e9tape par \u00e9tape de tout ce que vous devez savoir sur votre nouvelle entreprise. Vous serez bien pr\u00e9par\u00e9 et pr\u00eat \u00e0 croitre avec confiance.<\/p>\n<\/div><\/div><\/div><\/div><\/div><div class=\"vc_col-sm-4 wpb_column vc_column_container\"><div class=\"vc_column-inner\"><div class=\"wpb_wrapper\"><div class=\"w-iconbox iconpos_top style_default color_primary align_center no_title no_text\"><div class=\"w-iconbox-icon\" style=\"font-size:120px;\"><i class=\"fad fa-rocket-launch\"><\/i><\/div><div class=\"w-iconbox-meta\"><\/div><\/div><\/div><\/div><\/div><\/div><\/div><\/div><\/div><\/div><\/div><\/section><section class=\"l-section wpb_row height_auto cgb-grey2bg cgb-textcol cgb-processcta\"><div class=\"l-section-h i-cf\"><div class=\"g-cols vc_row type_default valign_top\"><div class=\"vc_col-sm-12 wpb_column vc_column_container\"><div class=\"vc_column-inner\"><div class=\"wpb_wrapper\"><div class=\"w-separator size_large\"><\/div>[vc_custom_heading text=\u00a0\u00bbPr\u00eat \u00e0 commencer?\u00a0\u00bb font_container=\u00a0\u00bbtag:h2|text_align:center\u00a0\u00bb el_class=\u00a0\u00bbcgb-greenh\u00a0\u00bb][vc_custom_heading text=\u00a0\u00bbContactez-nous, ou remplissez notre formulaire et nous vous r\u00e9pondrons dans les plus brefs d\u00e9lais.\u00a0\u00bb font_container=\u00a0\u00bbtag:h5|text_align:center\u00a0\u00bb][vc_raw_html]JTNDZGl2JTIwY2xhc3MlM0QlMjJjZ2ItZGl2aWRlcjMlMjBjZ2ItZGl2aWRlci1jZW50ZXIlMjIlM0UlM0MlMkZkaXYlM0U=[\/vc_raw_html]<div class=\"g-cols wpb_row  us_custom_eb849559 type_default valign_top vc_inner\"><div class=\"vc_col-sm-12 wpb_column vc_column_container\"><div class=\"vc_column-inner\"><div class=\"wpb_wrapper\"><div class=\"w-btn-wrapper width_auto align_left\"><a class=\"w-btn us-btn-style_6\" href=\"\/fr\/devis\/\"><span class=\"w-btn-label\">Obtenir un devis<\/span><\/a><\/div><div class=\"w-btn-wrapper width_auto align_left\"><a class=\"w-btn us-btn-style_1\" href=\"\/fr\/contact\/\"><span class=\"w-btn-label\">Contactez-nous<\/span><\/a><\/div><\/div><\/div><\/div><\/div><\/div><\/div><\/div><\/div><\/div><\/section>\n","protected":false},"excerpt":{"rendered":"[vc_custom_heading text=\"Notre processus\" font_container=\"tag:h1|text_align:center\" use_theme_fonts=\"yes\" el_class=\"cgb-titlebarh\"][vc_custom_heading text=\"Notre fa\u00e7on de travailler\" font_container=\"tag:h3|text_align:center\" el_class=\"cgb-greenh\"][vc_raw_html]JTNDZGl2JTIwY2xhc3MlM0QlMjJjZ2ItZGl2aWRlcjIlMjBjZ2ItZGl2aWRlci1jZW50ZXIlMjIlM0UlM0MlMkZkaXYlM0U=[\/vc_raw_html]Contrairement \u00e0 d\u2019autres solutions de conteneurs, chez CBG, nous comprenons que chaque producteur, chaque culture et chaque emplacement pr\u00e9sente des d\u00e9fis et des opportunit\u00e9s uniques. C\u2019est pourquoi nous croyons en une solution personnalis\u00e9e qui r\u00e9pond \u00e0 vos besoins uniques. Chaque projet est con\u00e7u avec...","protected":false},"author":1,"featured_media":0,"parent":0,"menu_order":0,"comment_status":"closed","ping_status":"closed","template":"","meta":{"_monsterinsights_skip_tracking":false,"_monsterinsights_sitenote_active":false,"_monsterinsights_sitenote_note":"","_monsterinsights_sitenote_category":0},"yoast_head":"<!-- This site is optimized with the Yoast SEO plugin v18.9 - https:\/\/yoast.com\/wordpress\/plugins\/seo\/ -->\n<title>Processus - Container Grow Box<\/title>\n<meta name=\"robots\" content=\"index, follow, max-snippet:-1, max-image-preview:large, max-video-preview:-1\" \/>\n<link rel=\"canonical\" href=\"https:\/\/containergrowbox.com\/fr\/processus\/\" \/>\n<meta property=\"og:locale\" content=\"fr_FR\" \/>\n<meta property=\"og:type\" content=\"article\" \/>\n<meta property=\"og:title\" content=\"Processus - Container Grow Box\" \/>\n<meta property=\"og:url\" content=\"https:\/\/containergrowbox.com\/fr\/processus\/\" \/>\n<meta property=\"og:site_name\" content=\"Container Grow Box\" \/>\n<meta property=\"article:modified_time\" content=\"2020-08-21T04:37:37+00:00\" \/>\n<meta name=\"twitter:card\" content=\"summary_large_image\" \/>\n<meta name=\"twitter:label1\" content=\"Dur\u00e9e de lecture estim\u00e9e\" \/>\n\t<meta name=\"twitter:data1\" content=\"6 minutes\" \/>\n<script type=\"application\/ld+json\" class=\"yoast-schema-graph\">{\"@context\":\"https:\/\/schema.org\",\"@graph\":[{\"@type\":\"WebSite\",\"@id\":\"https:\/\/containergrowbox.com\/#website\",\"url\":\"https:\/\/containergrowbox.com\/\",\"name\":\"Container Grow Box\",\"description\":\"\",\"potentialAction\":[{\"@type\":\"SearchAction\",\"target\":{\"@type\":\"EntryPoint\",\"urlTemplate\":\"https:\/\/containergrowbox.com\/?s={search_term_string}\"},\"query-input\":\"required name=search_term_string\"}],\"inLanguage\":\"fr-FR\"},{\"@type\":\"WebPage\",\"@id\":\"https:\/\/containergrowbox.com\/fr\/processus\/#webpage\",\"url\":\"https:\/\/containergrowbox.com\/fr\/processus\/\",\"name\":\"Processus - Container Grow Box\",\"isPartOf\":{\"@id\":\"https:\/\/containergrowbox.com\/#website\"},\"datePublished\":\"2020-08-21T04:31:25+00:00\",\"dateModified\":\"2020-08-21T04:37:37+00:00\",\"breadcrumb\":{\"@id\":\"https:\/\/containergrowbox.com\/fr\/processus\/#breadcrumb\"},\"inLanguage\":\"fr-FR\",\"potentialAction\":[{\"@type\":\"ReadAction\",\"target\":[\"https:\/\/containergrowbox.com\/fr\/processus\/\"]}]},{\"@type\":\"BreadcrumbList\",\"@id\":\"https:\/\/containergrowbox.com\/fr\/processus\/#breadcrumb\",\"itemListElement\":[{\"@type\":\"ListItem\",\"position\":1,\"name\":\"Home\",\"item\":\"https:\/\/containergrowbox.com\/fr\/\"},{\"@type\":\"ListItem\",\"position\":2,\"name\":\"Processus\"}]}]}<\/script>\n<!-- \/ Yoast SEO plugin. -->","yoast_head_json":{"title":"Processus - Container Grow Box","robots":{"index":"index","follow":"follow","max-snippet":"max-snippet:-1","max-image-preview":"max-image-preview:large","max-video-preview":"max-video-preview:-1"},"canonical":"https:\/\/containergrowbox.com\/fr\/processus\/","og_locale":"fr_FR","og_type":"article","og_title":"Processus - Container Grow Box","og_url":"https:\/\/containergrowbox.com\/fr\/processus\/","og_site_name":"Container Grow Box","article_modified_time":"2020-08-21T04:37:37+00:00","twitter_card":"summary_large_image","twitter_misc":{"Dur\u00e9e de lecture estim\u00e9e":"6 minutes"},"schema":{"@context":"https:\/\/schema.org","@graph":[{"@type":"WebSite","@id":"https:\/\/containergrowbox.com\/#website","url":"https:\/\/containergrowbox.com\/","name":"Container Grow Box","description":"","potentialAction":[{"@type":"SearchAction","target":{"@type":"EntryPoint","urlTemplate":"https:\/\/containergrowbox.com\/?s={search_term_string}"},"query-input":"required name=search_term_string"}],"inLanguage":"fr-FR"},{"@type":"WebPage","@id":"https:\/\/containergrowbox.com\/fr\/processus\/#webpage","url":"https:\/\/containergrowbox.com\/fr\/processus\/","name":"Processus - Container Grow Box","isPartOf":{"@id":"https:\/\/containergrowbox.com\/#website"},"datePublished":"2020-08-21T04:31:25+00:00","dateModified":"2020-08-21T04:37:37+00:00","breadcrumb":{"@id":"https:\/\/containergrowbox.com\/fr\/processus\/#breadcrumb"},"inLanguage":"fr-FR","potentialAction":[{"@type":"ReadAction","target":["https:\/\/containergrowbox.com\/fr\/processus\/"]}]},{"@type":"BreadcrumbList","@id":"https:\/\/containergrowbox.com\/fr\/processus\/#breadcrumb","itemListElement":[{"@type":"ListItem","position":1,"name":"Home","item":"https:\/\/containergrowbox.com\/fr\/"},{"@type":"ListItem","position":2,"name":"Processus"}]}]}},"_links":{"self":[{"href":"https:\/\/containergrowbox.com\/fr\/wp-json\/wp\/v2\/pages\/452"}],"collection":[{"href":"https:\/\/containergrowbox.com\/fr\/wp-json\/wp\/v2\/pages"}],"about":[{"href":"https:\/\/containergrowbox.com\/fr\/wp-json\/wp\/v2\/types\/page"}],"author":[{"embeddable":true,"href":"https:\/\/containergrowbox.com\/fr\/wp-json\/wp\/v2\/users\/1"}],"replies":[{"embeddable":true,"href":"https:\/\/containergrowbox.com\/fr\/wp-json\/wp\/v2\/comments?post=452"}],"version-history":[{"count":5,"href":"https:\/\/containergrowbox.com\/fr\/wp-json\/wp\/v2\/pages\/452\/revisions"}],"predecessor-version":[{"id":458,"href":"https:\/\/containergrowbox.com\/fr\/wp-json\/wp\/v2\/pages\/452\/revisions\/458"}],"wp:attachment":[{"href":"https:\/\/containergrowbox.com\/fr\/wp-json\/wp\/v2\/media?parent=452"}],"curies":[{"name":"wp","href":"https:\/\/api.w.org\/{rel}","templated":true}]}}