{"id":459,"date":"2020-08-21T04:38:06","date_gmt":"2020-08-21T04:38:06","guid":{"rendered":"https:\/\/containergrowbox.com\/?page_id=459"},"modified":"2021-04-17T17:48:30","modified_gmt":"2021-04-17T17:48:30","slug":"consultation","status":"publish","type":"page","link":"https:\/\/containergrowbox.com\/fr\/consultation\/","title":{"rendered":"Consultation"},"content":{"rendered":"<section class=\"l-section wpb_row height_auto width_full cgb-titlebar with_img with_overlay\"><div class=\"l-section-img\" style=\"background-image: url(https:\/\/containergrowbox.com\/wp-content\/uploads\/2020\/06\/close-up-photo-of-green-leafed-plants-1213859-scaled.jpg);\" data-img-width=\"2560\" data-img-height=\"1920\"><\/div><div class=\"l-section-overlay\" style=\"background: rgba(0,0,0,0.50)\"><\/div><div class=\"l-section-h i-cf\"><div class=\"g-cols vc_row type_default valign_top\"><div class=\"vc_col-sm-12 wpb_column vc_column_container\"><div class=\"vc_column-inner\"><div class=\"wpb_wrapper\">[vc_custom_heading text=\u00a0\u00bbConsultation\u00a0\u00bb font_container=\u00a0\u00bbtag:h1|text_align:center\u00a0\u00bb use_theme_fonts=\u00a0\u00bbyes\u00a0\u00bb el_class=\u00a0\u00bbcgb-titlebarh\u00a0\u00bb]<\/div><\/div><\/div><\/div><\/div><\/section><section class=\"l-section wpb_row height_auto cgb-textcol\"><div class=\"l-section-h i-cf\"><div class=\"g-cols vc_row type_default valign_top\"><div class=\"vc_col-sm-12 wpb_column vc_column_container\"><div class=\"vc_column-inner\"><div class=\"wpb_wrapper\">[vc_custom_heading text=\u00a0\u00bbConsultation sur les contenants de culture et services de conseils\u00a0\u00bb font_container=\u00a0\u00bbtag:h3|text_align:center\u00a0\u00bb el_class=\u00a0\u00bbcgb-greenh\u00a0\u00bb][vc_raw_html]JTNDZGl2JTIwY2xhc3MlM0QlMjJjZ2ItZGl2aWRlcjIlMjBjZ2ItZGl2aWRlci1jZW50ZXIlMjIlM0UlM0MlMkZkaXYlM0U=[\/vc_raw_html]<div class=\"wpb_text_column\" ><div class=\"wpb_wrapper\"><p style=\"text-align: center;\">Chez Container Grow Box, nous comprenons que la mise en place d\u2019une exploitation de culture commercial viable peut \u00eatre une t\u00e2che ardue. Notre \u00e9quipe d\u2019experts interdisciplinaires est \u00e0 votre disposition pour vous aider \u00e0 concevoir une entreprise de conteneur efficace. Nos solutions sont con\u00e7ues par les producteurs, pour les producteurs.<\/p>\n<\/div><\/div><\/div><\/div><\/div><\/div><\/div><\/section><section class=\"l-section wpb_row height_auto width_full cgb-consulting with_overlay\"><div class=\"l-section-overlay\" style=\"background: #EFF2ED\"><\/div><div class=\"l-section-h i-cf\"><div class=\"g-cols vc_row type_boxes valign_top\"><div class=\"vc_col-sm-1\/5 wpb_column vc_column_container has-link\"><div class=\"vc_column-inner\"><div class=\"wpb_wrapper\"><div class=\"w-iconbox iconpos_top style_default color_primary align_center no_text\"><div class=\"w-iconbox-icon\" style=\"font-size:56px;\"><i class=\"fal fa-container-storage\"><\/i><\/div><div class=\"w-iconbox-meta\"><h4 class=\"w-iconbox-title\">Conception des conteneurs<\/h4><\/div><\/div><\/div><a class=\"vc_column-link smooth-scroll\" href=\"#containerdesign\"><\/a><\/div><\/div><div class=\"vc_col-sm-1\/5 wpb_column vc_column_container has-link\"><div class=\"vc_column-inner\"><div class=\"wpb_wrapper\"><div class=\"w-iconbox iconpos_top style_default color_primary align_center no_text\"><div class=\"w-iconbox-icon\" style=\"font-size:56px;\"><i class=\"fal fa-warehouse-alt\"><\/i><\/div><div class=\"w-iconbox-meta\"><h4 class=\"w-iconbox-title\">Conception de l\u2019installation<\/h4><\/div><\/div><\/div><a class=\"vc_column-link smooth-scroll\" href=\"#facilitydesign\"><\/a><\/div><\/div><div class=\"vc_col-sm-1\/5 wpb_column vc_column_container has-link\"><div class=\"vc_column-inner\"><div class=\"wpb_wrapper\"><div class=\"w-iconbox iconpos_top style_default color_primary align_center no_text\"><div class=\"w-iconbox-icon\" style=\"font-size:56px;\"><i class=\"fal fa-project-diagram\"><\/i><\/div><div class=\"w-iconbox-meta\"><h4 class=\"w-iconbox-title\">Conception de la m\u00e9thodologie de travail<\/h4><\/div><\/div><\/div><a class=\"vc_column-link smooth-scroll\" href=\"#workflow\"><\/a><\/div><\/div><div class=\"vc_col-sm-1\/5 wpb_column vc_column_container has-link\"><div class=\"vc_column-inner\"><div class=\"wpb_wrapper\"><div class=\"w-iconbox iconpos_top style_default color_primary align_center no_text\"><div class=\"w-iconbox-icon\" style=\"font-size:56px;\"><i class=\"fal fa-clipboard-list-check\"><\/i><\/div><div class=\"w-iconbox-meta\"><h4 class=\"w-iconbox-title\">Conformit\u00e9<\/h4><\/div><\/div><\/div><a class=\"vc_column-link smooth-scroll\" href=\"#compliance\"><\/a><\/div><\/div><div class=\"vc_col-sm-1\/5 wpb_column vc_column_container has-link\"><div class=\"vc_column-inner\"><div class=\"wpb_wrapper\"><div class=\"w-iconbox iconpos_top style_default color_primary align_center no_text\"><div class=\"w-iconbox-icon\" style=\"font-size:56px;\"><i class=\"fal fa-cogs\"><\/i><\/div><div class=\"w-iconbox-meta\"><h4 class=\"w-iconbox-title\">M\u00e9thode et processus<\/h4><\/div><\/div><\/div><a class=\"vc_column-link smooth-scroll\" href=\"#method\"><\/a><\/div><\/div><\/div><\/div><\/section><section class=\"l-section wpb_row height_auto width_full cgb-greybg\" id=\"containerdesign\"><div class=\"l-section-h i-cf\"><div class=\"g-cols vc_row type_default valign_top\"><div class=\"vc_col-sm-6 wpb_column vc_column_container has-fill cgb-bgimgcol\"><div class=\"vc_column-inner us_custom_60536b6a \"><div class=\"wpb_wrapper\"><\/div><\/div><\/div><div class=\"vc_col-sm-6 wpb_column vc_column_container cgb-textcol\"><div class=\"vc_column-inner\"><div class=\"wpb_wrapper\">[vc_custom_heading text=\u00a0\u00bbConception du conteneur\u00a0\u00bb font_container=\u00a0\u00bbtag:h3|text_align:left\u00a0\u00bb use_theme_fonts=\u00a0\u00bbyes\u00a0\u00bb][vc_raw_html]JTNDZGl2JTIwY2xhc3MlM0QlMjJjZ2ItZGl2aWRlciUyMiUzRSUzQyUyRmRpdiUzRQ==[\/vc_raw_html]<div class=\"wpb_text_column\" ><div class=\"wpb_wrapper\"><p>Comment maximiser votre espace de conteneur? Notre \u00e9quipe d\u2019horticulteurs, d\u2019ing\u00e9nieurs et de dessinateurs professionnels vous aidera \u00e0 d\u00e9terminer la meilleure conception de conteneur possible pour vous assurer d\u2019atteindre des niveaux de rendement optimal. Nous utilisons un logiciel 3D de pointe pour vous permettre de visualiser l\u2019op\u00e9ration en son entier.<\/p>\n<\/div><\/div><\/div><\/div><\/div><\/div><\/div><\/section><section class=\"l-section wpb_row height_auto width_full cgb-greybg\" id=\"facilitydesign\"><div class=\"l-section-h i-cf\"><div class=\"g-cols vc_row type_default valign_top\"><div class=\"vc_col-sm-6 wpb_column vc_column_container cgb-textcol\"><div class=\"vc_column-inner\"><div class=\"wpb_wrapper\">[vc_custom_heading text=\u00a0\u00bbConception de l\u2019installation\u00a0\u00bb font_container=\u00a0\u00bbtag:h3|text_align:left\u00a0\u00bb use_theme_fonts=\u00a0\u00bbyes\u00a0\u00bb][vc_raw_html]JTNDZGl2JTIwY2xhc3MlM0QlMjJjZ2ItZGl2aWRlciUyMiUzRSUzQyUyRmRpdiUzRQ==[\/vc_raw_html]<div class=\"wpb_text_column\" ><div class=\"wpb_wrapper\"><p>La planification de votre installation de culture, que ce soit \u00e0 des fins commerciales ou personnelles, peut \u00eatre une t\u00e2che ardue. Pourtant, c\u2019est l\u2019une des \u00e9tapes les plus importantes et essentielle du processus afin d\u2019assurer une op\u00e9ration efficace et durable. Nous utilisons nos ann\u00e9es d\u2019exp\u00e9rience dans la conception d\u2019installations modulaires complexes pour cr\u00e9er un plan adapt\u00e9 \u00e0 votre site et vos conditions.<\/p>\n<\/div><\/div><\/div><\/div><\/div><div class=\"vc_col-sm-6 wpb_column vc_column_container has-fill cgb-bgimgcol\"><div class=\"vc_column-inner us_custom_733f48fd \"><div class=\"wpb_wrapper\"><\/div><\/div><\/div><\/div><\/div><\/section><section class=\"l-section wpb_row height_auto width_full cgb-greybg\" id=\"workflow\"><div class=\"l-section-h i-cf\"><div class=\"g-cols vc_row type_default valign_top\"><div class=\"vc_col-sm-6 wpb_column vc_column_container has-fill cgb-bgimgcol\"><div class=\"vc_column-inner us_custom_da1f3027 \"><div class=\"wpb_wrapper\"><\/div><\/div><\/div><div class=\"vc_col-sm-6 wpb_column vc_column_container cgb-textcol\"><div class=\"vc_column-inner\"><div class=\"wpb_wrapper\">[vc_custom_heading text=\u00a0\u00bbConception de la m\u00e9thodologie de travail\u00a0\u00bb font_container=\u00a0\u00bbtag:h3|text_align:left\u00a0\u00bb use_theme_fonts=\u00a0\u00bbyes\u00a0\u00bb][vc_raw_html]JTNDZGl2JTIwY2xhc3MlM0QlMjJjZ2ItZGl2aWRlciUyMiUzRSUzQyUyRmRpdiUzRQ==[\/vc_raw_html]<div class=\"wpb_text_column\" ><div class=\"wpb_wrapper\"><p>Il est essentiel de d\u00e9finir votre m\u00e9thodologie de travail afin d\u2019optimiser toutes les \u00e9tapes n\u00e9cessaires incluses dans votre processus de croissance. Semences, clones, \u00e9lagage, floraison, durcissement, s\u00e9chage! Comment tout mettre ensemble? Gr\u00e2ce \u00e0 nos conceptions 3D virtuelles, nous vous aiderons \u00e0 d\u00e9terminer quelles \u00e9tapes sont n\u00e9cessaires et comment les organiser pour une r\u00e9colte optimale.<\/p>\n<\/div><\/div><\/div><\/div><\/div><\/div><\/div><\/section><section class=\"l-section wpb_row height_auto width_full cgb-greybg\" id=\"compliance\"><div class=\"l-section-h i-cf\"><div class=\"g-cols vc_row type_default valign_top\"><div class=\"vc_col-sm-6 wpb_column vc_column_container cgb-textcol\"><div class=\"vc_column-inner\"><div class=\"wpb_wrapper\">[vc_custom_heading text=\u00a0\u00bbConformit\u00e9\u00a0\u00bb font_container=\u00a0\u00bbtag:h3|text_align:left\u00a0\u00bb use_theme_fonts=\u00a0\u00bbyes\u00a0\u00bb][vc_raw_html]JTNDZGl2JTIwY2xhc3MlM0QlMjJjZ2ItZGl2aWRlciUyMiUzRSUzQyUyRmRpdiUzRQ==[\/vc_raw_html]<div class=\"wpb_text_column\" ><div class=\"wpb_wrapper\"><p>Ce qui distingue CGB est notre expertise et notre capacit\u00e9 \u00e0 optimiser votre op\u00e9ration afin de r\u00e9pondre aux exigences de permis dans votre secteur d\u2019exploitation. L\u2019objectif de CGB est de construire vos bo\u00eetes selon vos sp\u00e9cifications et m\u00e9thodes de culture. Nous offrons des solutions hybrides selon les exigences de permits, ainsi que des am\u00e9nagements complets pour les grandes constructions int\u00e9rieures ou ext\u00e9rieures.<\/p>\n<\/div><\/div><\/div><\/div><\/div><div class=\"vc_col-sm-6 wpb_column vc_column_container has-fill cgb-bgimgcol\"><div class=\"vc_column-inner us_custom_17c0f3b8 \"><div class=\"wpb_wrapper\"><\/div><\/div><\/div><\/div><\/div><\/section><section class=\"l-section wpb_row height_auto width_full cgb-greybg\" id=\"method\"><div class=\"l-section-h i-cf\"><div class=\"g-cols vc_row type_default valign_top\"><div class=\"vc_col-sm-6 wpb_column vc_column_container has-fill cgb-bgimgcol\"><div class=\"vc_column-inner us_custom_d2acdd83 \"><div class=\"wpb_wrapper\"><\/div><\/div><\/div><div class=\"vc_col-sm-6 wpb_column vc_column_container cgb-textcol\"><div class=\"vc_column-inner\"><div class=\"wpb_wrapper\">[vc_custom_heading text=\u00a0\u00bbM\u00e9thodes et processus\u00a0\u00bb font_container=\u00a0\u00bbtag:h3|text_align:left\u00a0\u00bb use_theme_fonts=\u00a0\u00bbyes\u00a0\u00bb][vc_raw_html]JTNDZGl2JTIwY2xhc3MlM0QlMjJjZ2ItZGl2aWRlciUyMiUzRSUzQyUyRmRpdiUzRQ==[\/vc_raw_html]<div class=\"wpb_text_column\" ><div class=\"wpb_wrapper\"><p>D\u00e9terminer votre m\u00e9thodologie de croissance n\u2019est pas toujours simple. Les vari\u00e9t\u00e9s, les r\u00e8glements, et l\u2019expertise en mati\u00e8re de culture peuvent tous jouer un r\u00f4le important dans cette d\u00e9cision et ne doivent pas \u00eatre sous-estim\u00e9s. Container Grow Box et son \u00e9quipe d\u2019experts vous aideront \u00e0 d\u00e9terminer la meilleure m\u00e9thodologie de croissance pour atteindre vos objectifs.<\/p>\n<\/div><\/div><\/div><\/div><\/div><\/div><\/div><\/section><section class=\"l-section wpb_row height_auto cgb-textcol\"><div class=\"l-section-h i-cf\"><div class=\"g-cols vc_row type_default valign_top\"><div class=\"vc_col-sm-3 wpb_column vc_column_container\"><div class=\"vc_column-inner\"><div class=\"wpb_wrapper\"><\/div><\/div><\/div><div class=\"vc_col-sm-6 wpb_column vc_column_container\"><div class=\"vc_column-inner\"><div class=\"wpb_wrapper\">[vc_custom_heading text=\u00a0\u00bbDes solutions adapt\u00e9es \u00e0 vos besoins\u00a0\u00bb font_container=\u00a0\u00bbtag:h3|text_align:center\u00a0\u00bb el_class=\u00a0\u00bbcgb-greenh\u00a0\u00bb][vc_raw_html]JTNDZGl2JTIwY2xhc3MlM0QlMjJjZ2ItZGl2aWRlcjIlMjBjZ2ItZGl2aWRlci1jZW50ZXIlMjIlM0UlM0MlMkZkaXYlM0U=[\/vc_raw_html]<div class=\"wpb_text_column\" ><div class=\"wpb_wrapper\"><p style=\"text-align: center;\">Container Grow Box est le principal modificateur de conteneurs d\u2019exp\u00e9dition au Canada pour les industries modulaires de la culture hydroponique. Nos conteneurs sont con\u00e7us pour tous les aspects du processus de culture et offrent aux producteurs une solution cl\u00e9 en main \u00e9chelonnable qui peut \u00eatre adapt\u00e9e aux besoins sp\u00e9cifiques du producteur.<\/p>\n<\/div><\/div><div class=\"w-btn-wrapper width_auto align_center\"><a class=\"w-btn us-btn-style_2\" href=\"\/fr\/processus\/\"><span class=\"w-btn-label\">Voir notre processus<\/span><\/a><\/div><\/div><\/div><\/div><div class=\"vc_col-sm-3 wpb_column vc_column_container\"><div class=\"vc_column-inner\"><div class=\"wpb_wrapper\"><\/div><\/div><\/div><\/div><\/div><\/section><section class=\"l-section wpb_row height_large cgb-cta1 with_overlay\"><div class=\"l-section-overlay\" style=\"background: #EFF2ED\"><\/div><div class=\"l-section-h i-cf\"><div class=\"g-cols vc_row type_default valign_middle\"><div class=\"vc_col-sm-8 wpb_column vc_column_container\"><div class=\"vc_column-inner\"><div class=\"wpb_wrapper\">[vc_custom_heading text=\u00a0\u00bbPr\u00eat \u00e0 commencer?\u00a0\u00bb font_container=\u00a0\u00bbtag:h6|text_align:left\u00a0\u00bb]<\/div><\/div><\/div><div class=\"vc_col-sm-4 wpb_column vc_column_container\"><div class=\"vc_column-inner\"><div class=\"wpb_wrapper\"><div class=\"w-btn-wrapper width_auto align_right\"><a class=\"w-btn us-btn-style_7\" href=\"\/fr\/contact\/\"><span class=\"w-btn-label\">Contactez-nous<\/span><\/a><\/div><\/div><\/div><\/div><\/div><\/div><\/section>\n","protected":false},"excerpt":{"rendered":"[vc_custom_heading text=\"Consultation\" font_container=\"tag:h1|text_align:center\" use_theme_fonts=\"yes\" el_class=\"cgb-titlebarh\"][vc_custom_heading text=\"Consultation sur les contenants de culture et services de conseils\" font_container=\"tag:h3|text_align:center\" el_class=\"cgb-greenh\"][vc_raw_html]JTNDZGl2JTIwY2xhc3MlM0QlMjJjZ2ItZGl2aWRlcjIlMjBjZ2ItZGl2aWRlci1jZW50ZXIlMjIlM0UlM0MlMkZkaXYlM0U=[\/vc_raw_html]Chez Container Grow Box, nous comprenons que la mise en place d\u2019une exploitation de culture commercial viable peut \u00eatre une t\u00e2che ardue. Notre \u00e9quipe d\u2019experts interdisciplinaires est \u00e0 votre disposition pour vous aider \u00e0 concevoir une entreprise de conteneur...","protected":false},"author":1,"featured_media":0,"parent":0,"menu_order":0,"comment_status":"closed","ping_status":"closed","template":"","meta":{"_monsterinsights_skip_tracking":false,"_monsterinsights_sitenote_active":false,"_monsterinsights_sitenote_note":"","_monsterinsights_sitenote_category":0},"yoast_head":"<!-- This site is optimized with the Yoast SEO plugin v18.9 - https:\/\/yoast.com\/wordpress\/plugins\/seo\/ -->\n<title>Consultation - Container Grow Box<\/title>\n<meta name=\"robots\" content=\"index, follow, max-snippet:-1, max-image-preview:large, max-video-preview:-1\" \/>\n<link rel=\"canonical\" href=\"https:\/\/containergrowbox.com\/fr\/consultation\/\" \/>\n<meta property=\"og:locale\" content=\"fr_FR\" \/>\n<meta property=\"og:type\" content=\"article\" \/>\n<meta property=\"og:title\" content=\"Consultation - Container Grow Box\" \/>\n<meta property=\"og:url\" content=\"https:\/\/containergrowbox.com\/fr\/consultation\/\" \/>\n<meta property=\"og:site_name\" content=\"Container Grow Box\" \/>\n<meta property=\"article:modified_time\" content=\"2021-04-17T17:48:30+00:00\" \/>\n<meta name=\"twitter:card\" content=\"summary_large_image\" \/>\n<meta name=\"twitter:label1\" content=\"Dur\u00e9e de lecture estim\u00e9e\" \/>\n\t<meta name=\"twitter:data1\" content=\"3 minutes\" \/>\n<script type=\"application\/ld+json\" class=\"yoast-schema-graph\">{\"@context\":\"https:\/\/schema.org\",\"@graph\":[{\"@type\":\"WebSite\",\"@id\":\"https:\/\/containergrowbox.com\/#website\",\"url\":\"https:\/\/containergrowbox.com\/\",\"name\":\"Container Grow Box\",\"description\":\"\",\"potentialAction\":[{\"@type\":\"SearchAction\",\"target\":{\"@type\":\"EntryPoint\",\"urlTemplate\":\"https:\/\/containergrowbox.com\/?s={search_term_string}\"},\"query-input\":\"required name=search_term_string\"}],\"inLanguage\":\"fr-FR\"},{\"@type\":\"WebPage\",\"@id\":\"https:\/\/containergrowbox.com\/fr\/consultation\/#webpage\",\"url\":\"https:\/\/containergrowbox.com\/fr\/consultation\/\",\"name\":\"Consultation - Container Grow Box\",\"isPartOf\":{\"@id\":\"https:\/\/containergrowbox.com\/#website\"},\"datePublished\":\"2020-08-21T04:38:06+00:00\",\"dateModified\":\"2021-04-17T17:48:30+00:00\",\"breadcrumb\":{\"@id\":\"https:\/\/containergrowbox.com\/fr\/consultation\/#breadcrumb\"},\"inLanguage\":\"fr-FR\",\"potentialAction\":[{\"@type\":\"ReadAction\",\"target\":[\"https:\/\/containergrowbox.com\/fr\/consultation\/\"]}]},{\"@type\":\"BreadcrumbList\",\"@id\":\"https:\/\/containergrowbox.com\/fr\/consultation\/#breadcrumb\",\"itemListElement\":[{\"@type\":\"ListItem\",\"position\":1,\"name\":\"Home\",\"item\":\"https:\/\/containergrowbox.com\/fr\/\"},{\"@type\":\"ListItem\",\"position\":2,\"name\":\"Consultation\"}]}]}<\/script>\n<!-- \/ Yoast SEO plugin. -->","yoast_head_json":{"title":"Consultation - Container Grow Box","robots":{"index":"index","follow":"follow","max-snippet":"max-snippet:-1","max-image-preview":"max-image-preview:large","max-video-preview":"max-video-preview:-1"},"canonical":"https:\/\/containergrowbox.com\/fr\/consultation\/","og_locale":"fr_FR","og_type":"article","og_title":"Consultation - Container Grow Box","og_url":"https:\/\/containergrowbox.com\/fr\/consultation\/","og_site_name":"Container Grow Box","article_modified_time":"2021-04-17T17:48:30+00:00","twitter_card":"summary_large_image","twitter_misc":{"Dur\u00e9e de lecture estim\u00e9e":"3 minutes"},"schema":{"@context":"https:\/\/schema.org","@graph":[{"@type":"WebSite","@id":"https:\/\/containergrowbox.com\/#website","url":"https:\/\/containergrowbox.com\/","name":"Container Grow Box","description":"","potentialAction":[{"@type":"SearchAction","target":{"@type":"EntryPoint","urlTemplate":"https:\/\/containergrowbox.com\/?s={search_term_string}"},"query-input":"required name=search_term_string"}],"inLanguage":"fr-FR"},{"@type":"WebPage","@id":"https:\/\/containergrowbox.com\/fr\/consultation\/#webpage","url":"https:\/\/containergrowbox.com\/fr\/consultation\/","name":"Consultation - Container Grow Box","isPartOf":{"@id":"https:\/\/containergrowbox.com\/#website"},"datePublished":"2020-08-21T04:38:06+00:00","dateModified":"2021-04-17T17:48:30+00:00","breadcrumb":{"@id":"https:\/\/containergrowbox.com\/fr\/consultation\/#breadcrumb"},"inLanguage":"fr-FR","potentialAction":[{"@type":"ReadAction","target":["https:\/\/containergrowbox.com\/fr\/consultation\/"]}]},{"@type":"BreadcrumbList","@id":"https:\/\/containergrowbox.com\/fr\/consultation\/#breadcrumb","itemListElement":[{"@type":"ListItem","position":1,"name":"Home","item":"https:\/\/containergrowbox.com\/fr\/"},{"@type":"ListItem","position":2,"name":"Consultation"}]}]}},"_links":{"self":[{"href":"https:\/\/containergrowbox.com\/fr\/wp-json\/wp\/v2\/pages\/459"}],"collection":[{"href":"https:\/\/containergrowbox.com\/fr\/wp-json\/wp\/v2\/pages"}],"about":[{"href":"https:\/\/containergrowbox.com\/fr\/wp-json\/wp\/v2\/types\/page"}],"author":[{"embeddable":true,"href":"https:\/\/containergrowbox.com\/fr\/wp-json\/wp\/v2\/users\/1"}],"replies":[{"embeddable":true,"href":"https:\/\/containergrowbox.com\/fr\/wp-json\/wp\/v2\/comments?post=459"}],"version-history":[{"count":9,"href":"https:\/\/containergrowbox.com\/fr\/wp-json\/wp\/v2\/pages\/459\/revisions"}],"predecessor-version":[{"id":636,"href":"https:\/\/containergrowbox.com\/fr\/wp-json\/wp\/v2\/pages\/459\/revisions\/636"}],"wp:attachment":[{"href":"https:\/\/containergrowbox.com\/fr\/wp-json\/wp\/v2\/media?parent=459"}],"curies":[{"name":"wp","href":"https:\/\/api.w.org\/{rel}","templated":true}]}}