{"id":463,"date":"2020-08-21T04:46:00","date_gmt":"2020-08-21T04:46:00","guid":{"rendered":"https:\/\/containergrowbox.com\/?page_id=463"},"modified":"2023-06-06T18:06:25","modified_gmt":"2023-06-06T18:06:25","slug":"a-propos","status":"publish","type":"page","link":"https:\/\/containergrowbox.com\/fr\/a-propos\/","title":{"rendered":"\u00c0 propos"},"content":{"rendered":"<section class=\"l-section wpb_row height_auto width_full cgb-titlebar with_img with_overlay\"><div class=\"l-section-img\" style=\"background-image: url(https:\/\/containergrowbox.com\/wp-content\/uploads\/2020\/06\/close-up-photo-of-green-leafed-plants-1213859-scaled.jpg);\" data-img-width=\"2560\" data-img-height=\"1920\"><\/div><div class=\"l-section-overlay\" style=\"background: rgba(0,0,0,0.50)\"><\/div><div class=\"l-section-h i-cf\"><div class=\"g-cols vc_row type_default valign_top\"><div class=\"vc_col-sm-12 wpb_column vc_column_container\"><div class=\"vc_column-inner\"><div class=\"wpb_wrapper\">[vc_custom_heading text=\u00a0\u00bb\u00c0 propos de nous\u00a0\u00bb font_container=\u00a0\u00bbtag:h1|text_align:center\u00a0\u00bb use_theme_fonts=\u00a0\u00bbyes\u00a0\u00bb el_class=\u00a0\u00bbcgb-titlebarh\u00a0\u00bb]<\/div><\/div><\/div><\/div><\/div><\/section><section class=\"l-section wpb_row height_auto width_full\"><div class=\"l-section-h i-cf\"><div class=\"g-cols vc_row type_default valign_top\"><div class=\"vc_col-sm-6 wpb_column vc_column_container cgb-textcol\"><div class=\"vc_column-inner\"><div class=\"wpb_wrapper\">[vc_custom_heading text=\u00a0\u00bbCe que nous faisons\u00a0\u00bb font_container=\u00a0\u00bbtag:h3|text_align:left\u00a0\u00bb use_theme_fonts=\u00a0\u00bbyes\u00a0\u00bb el_class=\u00a0\u00bbcgb-greenh\u00a0\u00bb][vc_raw_html]JTNDZGl2JTIwY2xhc3MlM0QlMjJjZ2ItZGl2aWRlcjIlMjIlM0UlM0MlMkZkaXYlM0U=[\/vc_raw_html]<div class=\"wpb_text_column\" ><div class=\"wpb_wrapper\"><p>Container Grow Box est le principal modificateur de conteneurs d\u2019exp\u00e9dition modulaire au Canada pour la culture hydroponique. Nos conteneurs sont con\u00e7us pour accommoder tous les aspects du processus de culture et offrent aux producteurs une solution cl\u00e9 en main qui peut \u00eatre adapt\u00e9e aux besoins sp\u00e9cifiques du producteur.<\/p>\n<p>La modularit\u00e9 de nos conteneurs d\u2019exp\u00e9dition permet aux utilisateurs de commencer \u00e0 une plus petite \u00e9chelle et cro\u00eetre \u00e0 mesure que leurs entreprises croissent. Vos conteneurs peuvent \u00eatre empil\u00e9s en hauteur et largeur pour r\u00e9pondre \u00e0 une demande grandissante. Contrairement aux constructions traditionnelles, chaque unit\u00e9 pr\u00e9fabriqu\u00e9e est livr\u00e9e conforme au code du b\u00e2timent, qui signifie moins de temps d\u2019attente pour les permis et la construction, et plus de temps de croissance!<\/p>\n<\/div><\/div><div class=\"w-separator size_small\"><\/div><\/div><\/div><\/div><div class=\"vc_col-sm-6 vc_hidden-xs wpb_column vc_column_container has-fill cgb-bgimgcol\"><div class=\"vc_column-inner us_custom_1d15222f \"><div class=\"wpb_wrapper\"><\/div><\/div><\/div><\/div><\/div><\/section><section class=\"l-section wpb_row height_auto cgb-storyblock-wrap with_img with_overlay\"><div class=\"l-section-img\" style=\"background-image: url(https:\/\/containergrowbox.com\/wp-content\/uploads\/2020\/06\/farm-1554319_1920.jpg);\" data-img-width=\"1920\" data-img-height=\"1440\"><\/div><div class=\"l-section-overlay\" style=\"background: rgba(0,0,0,0.50)\"><\/div><div class=\"l-section-h i-cf\"><div class=\"g-cols vc_row type_default valign_top\"><div class=\"vc_col-sm-12 wpb_column vc_column_container\"><div class=\"vc_column-inner\"><div class=\"wpb_wrapper\"><div class=\"g-cols wpb_row  type_default valign_top vc_inner cgb-storyblock\"><div class=\"vc_col-sm-12 wpb_column vc_column_container\"><div class=\"vc_column-inner\"><div class=\"wpb_wrapper\">[vc_custom_heading text=\u00a0\u00bbNotre histoire\u00a0\u00bb font_container=\u00a0\u00bbtag:h2|text_align:center\u00a0\u00bb use_theme_fonts=\u00a0\u00bbyes\u00a0\u00bb][vc_raw_html]JTNDZGl2JTIwY2xhc3MlM0QlMjJjZ2ItZGl2aWRlciUyMGNnYi1kaXZpZGVyLWNlbnRlciUyMiUzRSUzQyUyRmRpdiUzRQ==[\/vc_raw_html]<div class=\"wpb_text_column\" ><div class=\"wpb_wrapper\"><p style=\"text-align: center;\">Box Container Group, l\u2019entreprise m\u00e8re de CGB, se sp\u00e9cialise dans la construction et la fabrication de projets d\u2019infrastructure pour un assortiment d\u2019industries n\u00e9cessitant des structures de conteneurs d\u2019exp\u00e9dition modifi\u00e9es. Nous sommes des constructeurs int\u00e9gr\u00e9s verticalement avec plus de 15 ans d\u2019exp\u00e9rience dans la modification de conteneurs. Parmi les industries dans lesquelles nous avons travaill\u00e9, il y a la construction, la vente au d\u00e9tail, le commerce et l\u2019industrie, l\u2019infrastructure mini\u00e8re, le secours aux sinistr\u00e9s, s\u00e9curit\u00e9 additionnelle pour les \u00e9v\u00e9nements, les usines de traitement de l\u2019eau, et l\u2019agriculture hydroponique.<\/p>\n<p style=\"text-align: center;\">Gr\u00e2ce \u00e0 nos connaissances approfondies et nos ann\u00e9es d\u2019exp\u00e9rience, nous sommes devenus le fournisseur de premier choix pour les projets sp\u00e9cialis\u00e9s o\u00f9 une structure de conteneur de fabrication verticale est requise. Cela comprend le concept, le design, l\u2019ing\u00e9nierie, la fabrication, la logistique et la consultation. Notre objectif est de fournir \u00e0 nos clients un guichet unique pour leurs projets de conteneurs personnalis\u00e9s, en respectant leurs d\u00e9lais et budgets. Notre atelier modifie non seulement votre conteneur d\u2019exp\u00e9dition, mais nous les finissons aussi, incluant la plomberie, l\u2019\u00e9lectricit\u00e9, la ventilation, les planchers et la peinture, jusqu\u2019au branding.<\/p>\n<\/div><\/div><\/div><\/div><\/div><\/div><\/div><\/div><\/div><\/div><\/div><\/section><section class=\"l-section wpb_row height_auto cgb-textcol\"><div class=\"l-section-h i-cf\"><div class=\"g-cols vc_row type_default valign_top\"><div class=\"vc_col-sm-12 wpb_column vc_column_container\"><div class=\"vc_column-inner\"><div class=\"wpb_wrapper\">[vc_custom_heading text=\u00a0\u00bbRencontrer l&rsquo;\u00e9quipe\u00a0\u00bb font_container=\u00a0\u00bbtag:h3|text_align:center\u00a0\u00bb use_theme_fonts=\u00a0\u00bbyes\u00a0\u00bb el_class=\u00a0\u00bbcgb-greenh\u00a0\u00bb][vc_raw_html]JTNDZGl2JTIwY2xhc3MlM0QlMjJjZ2ItZGl2aWRlcjIlMjBjZ2ItZGl2aWRlci1jZW50ZXIlMjIlM0UlM0MlMkZkaXYlM0U=[\/vc_raw_html]<div class=\"g-cols wpb_row  type_boxes valign_top vc_inner cgb-teamcols\"><div class=\"vc_col-sm-4 wpb_column vc_column_container cgb-teamcol\"><div class=\"vc_column-inner\"><div class=\"wpb_wrapper\"><div class=\"w-image align_center\"><div class=\"w-image-h\"><img width=\"640\" height=\"640\" src=\"https:\/\/containergrowbox.com\/wp-content\/uploads\/2020\/09\/BB-Profile-Pic_LockNcharge-c2.jpg\" class=\"attachment-full size-full\" alt=\"\" loading=\"lazy\" srcset=\"https:\/\/containergrowbox.com\/wp-content\/uploads\/2020\/09\/BB-Profile-Pic_LockNcharge-c2.jpg 640w, https:\/\/containergrowbox.com\/wp-content\/uploads\/2020\/09\/BB-Profile-Pic_LockNcharge-c2-300x300.jpg 300w, https:\/\/containergrowbox.com\/wp-content\/uploads\/2020\/09\/BB-Profile-Pic_LockNcharge-c2-150x150.jpg 150w\" sizes=\"(max-width: 640px) 100vw, 640px\" \/><\/div><\/div><div class=\"w-separator size_small\"><\/div><div class=\"wpb_text_column us_custom_8d0ff714\" ><div class=\"wpb_wrapper\"><h5 style=\"text-align: center;\">Benoit Briere<\/h5>\n<h6 class=\"cgb-greenh\" style=\"text-align: center;\">CEO<\/h6>\n<\/div><\/div><\/div><\/div><\/div><div class=\"vc_col-sm-4 wpb_column vc_column_container cgb-teamcol\"><div class=\"vc_column-inner\"><div class=\"wpb_wrapper\"><div class=\"w-image align_center\"><div class=\"w-image-h\"><img width=\"998\" height=\"999\" src=\"https:\/\/containergrowbox.com\/wp-content\/uploads\/2020\/09\/john1_c.jpg\" class=\"attachment-full size-full\" alt=\"\" loading=\"lazy\" srcset=\"https:\/\/containergrowbox.com\/wp-content\/uploads\/2020\/09\/john1_c.jpg 998w, https:\/\/containergrowbox.com\/wp-content\/uploads\/2020\/09\/john1_c-300x300.jpg 300w, https:\/\/containergrowbox.com\/wp-content\/uploads\/2020\/09\/john1_c-150x150.jpg 150w\" sizes=\"(max-width: 998px) 100vw, 998px\" \/><\/div><\/div><div class=\"w-separator size_small\"><\/div><div class=\"wpb_text_column us_custom_8d0ff714\" ><div class=\"wpb_wrapper\"><h5 style=\"text-align: center;\">John Gillanders<\/h5>\n<h6 class=\"cgb-greenh\" style=\"text-align: center;\">President<\/h6>\n<\/div><\/div><\/div><\/div><\/div><\/div><\/div><\/div><\/div><\/div><\/div><\/section><section class=\"l-section wpb_row height_large cgb-cta1 with_overlay\"><div class=\"l-section-overlay\" style=\"background: #EFF2ED\"><\/div><div class=\"l-section-h i-cf\"><div class=\"g-cols vc_row type_default valign_middle\"><div class=\"vc_col-sm-8 wpb_column vc_column_container\"><div class=\"vc_column-inner\"><div class=\"wpb_wrapper\">[vc_custom_heading text=\u00a0\u00bbPr\u00eat \u00e0 commencer?\u00a0\u00bb font_container=\u00a0\u00bbtag:h6|text_align:left\u00a0\u00bb]<\/div><\/div><\/div><div class=\"vc_col-sm-4 wpb_column vc_column_container\"><div class=\"vc_column-inner\"><div class=\"wpb_wrapper\"><div class=\"w-btn-wrapper width_auto align_right\"><a class=\"w-btn us-btn-style_7\" href=\"\/fr\/contact\/\"><span class=\"w-btn-label\">Contactez-nous<\/span><\/a><\/div><\/div><\/div><\/div><\/div><\/div><\/section>\n","protected":false},"excerpt":{"rendered":"[vc_custom_heading text=\"\u00c0 propos de nous\" font_container=\"tag:h1|text_align:center\" use_theme_fonts=\"yes\" el_class=\"cgb-titlebarh\"][vc_custom_heading text=\"Ce que nous faisons\" font_container=\"tag:h3|text_align:left\" use_theme_fonts=\"yes\" el_class=\"cgb-greenh\"][vc_raw_html]JTNDZGl2JTIwY2xhc3MlM0QlMjJjZ2ItZGl2aWRlcjIlMjIlM0UlM0MlMkZkaXYlM0U=[\/vc_raw_html]Container Grow Box est le principal modificateur de conteneurs d\u2019exp\u00e9dition modulaire au Canada pour la culture hydroponique. Nos conteneurs sont con\u00e7us pour accommoder tous les aspects du processus de culture et offrent aux producteurs une solution cl\u00e9 en main qui peut...","protected":false},"author":1,"featured_media":0,"parent":0,"menu_order":0,"comment_status":"closed","ping_status":"closed","template":"","meta":{"_monsterinsights_skip_tracking":false,"_monsterinsights_sitenote_active":false,"_monsterinsights_sitenote_note":"","_monsterinsights_sitenote_category":0},"yoast_head":"<!-- This site is optimized with the Yoast SEO plugin v18.9 - https:\/\/yoast.com\/wordpress\/plugins\/seo\/ -->\n<title>\u00c0 propos - Container Grow Box<\/title>\n<meta name=\"robots\" content=\"index, follow, max-snippet:-1, max-image-preview:large, max-video-preview:-1\" \/>\n<link rel=\"canonical\" href=\"https:\/\/containergrowbox.com\/fr\/a-propos\/\" \/>\n<meta property=\"og:locale\" content=\"fr_FR\" \/>\n<meta property=\"og:type\" content=\"article\" \/>\n<meta property=\"og:title\" content=\"\u00c0 propos - Container Grow Box\" \/>\n<meta property=\"og:url\" content=\"https:\/\/containergrowbox.com\/fr\/a-propos\/\" \/>\n<meta property=\"og:site_name\" content=\"Container Grow Box\" \/>\n<meta property=\"article:modified_time\" content=\"2023-06-06T18:06:25+00:00\" \/>\n<meta name=\"twitter:card\" content=\"summary_large_image\" \/>\n<meta name=\"twitter:label1\" content=\"Dur\u00e9e de lecture estim\u00e9e\" \/>\n\t<meta name=\"twitter:data1\" content=\"2 minutes\" \/>\n<script type=\"application\/ld+json\" class=\"yoast-schema-graph\">{\"@context\":\"https:\/\/schema.org\",\"@graph\":[{\"@type\":\"WebSite\",\"@id\":\"https:\/\/containergrowbox.com\/#website\",\"url\":\"https:\/\/containergrowbox.com\/\",\"name\":\"Container Grow Box\",\"description\":\"\",\"potentialAction\":[{\"@type\":\"SearchAction\",\"target\":{\"@type\":\"EntryPoint\",\"urlTemplate\":\"https:\/\/containergrowbox.com\/?s={search_term_string}\"},\"query-input\":\"required name=search_term_string\"}],\"inLanguage\":\"fr-FR\"},{\"@type\":\"WebPage\",\"@id\":\"https:\/\/containergrowbox.com\/fr\/a-propos\/#webpage\",\"url\":\"https:\/\/containergrowbox.com\/fr\/a-propos\/\",\"name\":\"\u00c0 propos - Container Grow Box\",\"isPartOf\":{\"@id\":\"https:\/\/containergrowbox.com\/#website\"},\"datePublished\":\"2020-08-21T04:46:00+00:00\",\"dateModified\":\"2023-06-06T18:06:25+00:00\",\"breadcrumb\":{\"@id\":\"https:\/\/containergrowbox.com\/fr\/a-propos\/#breadcrumb\"},\"inLanguage\":\"fr-FR\",\"potentialAction\":[{\"@type\":\"ReadAction\",\"target\":[\"https:\/\/containergrowbox.com\/fr\/a-propos\/\"]}]},{\"@type\":\"BreadcrumbList\",\"@id\":\"https:\/\/containergrowbox.com\/fr\/a-propos\/#breadcrumb\",\"itemListElement\":[{\"@type\":\"ListItem\",\"position\":1,\"name\":\"Home\",\"item\":\"https:\/\/containergrowbox.com\/fr\/\"},{\"@type\":\"ListItem\",\"position\":2,\"name\":\"\u00c0 propos\"}]}]}<\/script>\n<!-- \/ Yoast SEO plugin. -->","yoast_head_json":{"title":"\u00c0 propos - Container Grow Box","robots":{"index":"index","follow":"follow","max-snippet":"max-snippet:-1","max-image-preview":"max-image-preview:large","max-video-preview":"max-video-preview:-1"},"canonical":"https:\/\/containergrowbox.com\/fr\/a-propos\/","og_locale":"fr_FR","og_type":"article","og_title":"\u00c0 propos - Container Grow Box","og_url":"https:\/\/containergrowbox.com\/fr\/a-propos\/","og_site_name":"Container Grow Box","article_modified_time":"2023-06-06T18:06:25+00:00","twitter_card":"summary_large_image","twitter_misc":{"Dur\u00e9e de lecture estim\u00e9e":"2 minutes"},"schema":{"@context":"https:\/\/schema.org","@graph":[{"@type":"WebSite","@id":"https:\/\/containergrowbox.com\/#website","url":"https:\/\/containergrowbox.com\/","name":"Container Grow Box","description":"","potentialAction":[{"@type":"SearchAction","target":{"@type":"EntryPoint","urlTemplate":"https:\/\/containergrowbox.com\/?s={search_term_string}"},"query-input":"required name=search_term_string"}],"inLanguage":"fr-FR"},{"@type":"WebPage","@id":"https:\/\/containergrowbox.com\/fr\/a-propos\/#webpage","url":"https:\/\/containergrowbox.com\/fr\/a-propos\/","name":"\u00c0 propos - Container Grow Box","isPartOf":{"@id":"https:\/\/containergrowbox.com\/#website"},"datePublished":"2020-08-21T04:46:00+00:00","dateModified":"2023-06-06T18:06:25+00:00","breadcrumb":{"@id":"https:\/\/containergrowbox.com\/fr\/a-propos\/#breadcrumb"},"inLanguage":"fr-FR","potentialAction":[{"@type":"ReadAction","target":["https:\/\/containergrowbox.com\/fr\/a-propos\/"]}]},{"@type":"BreadcrumbList","@id":"https:\/\/containergrowbox.com\/fr\/a-propos\/#breadcrumb","itemListElement":[{"@type":"ListItem","position":1,"name":"Home","item":"https:\/\/containergrowbox.com\/fr\/"},{"@type":"ListItem","position":2,"name":"\u00c0 propos"}]}]}},"_links":{"self":[{"href":"https:\/\/containergrowbox.com\/fr\/wp-json\/wp\/v2\/pages\/463"}],"collection":[{"href":"https:\/\/containergrowbox.com\/fr\/wp-json\/wp\/v2\/pages"}],"about":[{"href":"https:\/\/containergrowbox.com\/fr\/wp-json\/wp\/v2\/types\/page"}],"author":[{"embeddable":true,"href":"https:\/\/containergrowbox.com\/fr\/wp-json\/wp\/v2\/users\/1"}],"replies":[{"embeddable":true,"href":"https:\/\/containergrowbox.com\/fr\/wp-json\/wp\/v2\/comments?post=463"}],"version-history":[{"count":19,"href":"https:\/\/containergrowbox.com\/fr\/wp-json\/wp\/v2\/pages\/463\/revisions"}],"predecessor-version":[{"id":684,"href":"https:\/\/containergrowbox.com\/fr\/wp-json\/wp\/v2\/pages\/463\/revisions\/684"}],"wp:attachment":[{"href":"https:\/\/containergrowbox.com\/fr\/wp-json\/wp\/v2\/media?parent=463"}],"curies":[{"name":"wp","href":"https:\/\/api.w.org\/{rel}","templated":true}]}}