{"id":469,"date":"2020-08-21T04:50:04","date_gmt":"2020-08-21T04:50:04","guid":{"rendered":"https:\/\/containergrowbox.com\/?page_id=469"},"modified":"2021-04-17T17:36:39","modified_gmt":"2021-04-17T17:36:39","slug":"contact","status":"publish","type":"page","link":"https:\/\/containergrowbox.com\/fr\/contact\/","title":{"rendered":"Contactez-nous"},"content":{"rendered":"<section class=\"l-section wpb_row height_auto width_full cgb-titlebar with_img with_overlay\"><div class=\"l-section-img\" style=\"background-image: url(https:\/\/containergrowbox.com\/wp-content\/uploads\/2020\/06\/close-up-photo-of-green-leafed-plants-1213859-scaled.jpg);\" data-img-width=\"2560\" data-img-height=\"1920\"><\/div><div class=\"l-section-overlay\" style=\"background: rgba(0,0,0,0.50)\"><\/div><div class=\"l-section-h i-cf\"><div class=\"g-cols vc_row type_default valign_top\"><div class=\"vc_col-sm-12 wpb_column vc_column_container\"><div class=\"vc_column-inner\"><div class=\"wpb_wrapper\">[vc_custom_heading text=\u00a0\u00bbContactez-nous\u00a0\u00bb font_container=\u00a0\u00bbtag:h1|text_align:center\u00a0\u00bb use_theme_fonts=\u00a0\u00bbyes\u00a0\u00bb el_class=\u00a0\u00bbcgb-titlebarh\u00a0\u00bb]<\/div><\/div><\/div><\/div><\/div><\/section><section class=\"l-section wpb_row height_auto width_full\"><div class=\"l-section-h i-cf\"><div class=\"g-cols vc_row type_default valign_top\"><div class=\"vc_col-sm-6 wpb_column vc_column_container cgb-textcol\"><div class=\"vc_column-inner\"><div class=\"wpb_wrapper\">[vc_custom_heading text=\u00a0\u00bbContactez-nous\u00a0\u00bb font_container=\u00a0\u00bbtag:h3|text_align:left\u00a0\u00bb use_theme_fonts=\u00a0\u00bbyes\u00a0\u00bb el_class=\u00a0\u00bbcgb-greenh\u00a0\u00bb][vc_raw_html]JTNDZGl2JTIwY2xhc3MlM0QlMjJjZ2ItZGl2aWRlcjIlMjIlM0UlM0MlMkZkaXYlM0U=[\/vc_raw_html]<div class=\"wpb_text_column\" ><div class=\"wpb_wrapper\"><p>Communiquez avec nous pour en savoir plus sur la fa\u00e7on dont CGB peut faire de votre projet de conteneur de culture une r\u00e9alit\u00e9. Appelez-nous, envoyez-nous un courriel ou remplissez notre formulaire. Nous avons h\u00e2te d\u2019avoir de vos nouvelles!<\/p>\n<\/div><\/div><div class=\"w-separator size_small\"><\/div><div class=\"w-iconbox us_custom_b4198c51 iconpos_left style_outlined color_primary align_left no_title\"><div class=\"w-iconbox-icon\" style=\"font-size:1.4rem;\"><i class=\"fal fa-mobile-android\"><\/i><\/div><div class=\"w-iconbox-meta\"><div class=\"w-iconbox-text\"><p>888-316-6515<\/p>\n<\/div><\/div><\/div><div class=\"w-separator size_small\"><\/div><div class=\"w-iconbox us_custom_b4198c51 iconpos_left style_outlined color_primary align_left no_title\"><div class=\"w-iconbox-icon\" style=\"font-size:1.4rem;\"><i class=\"fal fa-envelope\"><\/i><\/div><div class=\"w-iconbox-meta\"><div class=\"w-iconbox-text\"><p><a href=\"mailto:info@containergrowbox.com\">info@containergrowbox.com<\/a><\/p>\n<\/div><\/div><\/div><\/div><\/div><\/div><div class=\"vc_col-sm-6 wpb_column vc_column_container cgb-textcol cgb-greenbg\"><div class=\"vc_column-inner\"><div class=\"wpb_wrapper\"><div class=\"w-form  layout_ver cgb-contactform for_cform us_form_1\" style=\"--fields-gap:0.7rem\">\r\n\t<form class=\"w-form-h\" autocomplete=\"off\" action=\"https:\/\/containergrowbox.com\/fr\/wp-json\/wp\/v2\/pages\/469\" method=\"post\">\r\n\t\t<div class=\"w-form-row for_text required\">\r\n\t\t<div class=\"w-form-row-field\">\r\n\t\t\t\t\t\t<input aria-label=\"Nom\" type=\"text\" name=\"us_form_1_text_1\" value=\"\" placeholder=\"Nom *\" data-required=\"true\" aria-required=\"true\"\/>\r\n\t\t\t<\/div>\r\n\t\t<div class=\"w-form-row-state\">Vous devez remplir ce champ<\/div>\r\n<\/div>\r\n<div class=\"w-form-row for_email required\">\r\n\t\t<div class=\"w-form-row-field\">\r\n\t\t\t\t\t\t<input aria-label=\"Courriel\" type=\"email\" name=\"us_form_1_email_1\" value=\"\" placeholder=\"Courriel *\" data-required=\"true\" aria-required=\"true\"\/>\r\n\t\t\t<\/div>\r\n\t\t<div class=\"w-form-row-state\">Veuillez saisir une adresse e-mail valide.<\/div>\r\n<\/div>\r\n<div class=\"w-form-row for_text\">\r\n\t\t<div class=\"w-form-row-field\">\r\n\t\t\t\t\t\t<input aria-label=\"T\u00e9l\u00e9phone\" type=\"text\" name=\"us_form_1_text_2\" value=\"\" placeholder=\"T\u00e9l\u00e9phone\"\/>\r\n\t\t\t<\/div>\r\n\t\t<div class=\"w-form-row-state\">Vous devez remplir ce champ<\/div>\r\n<\/div>\r\n<div class=\"w-form-row for_textarea\">\r\n\t\t<div class=\"w-form-row-field\">\r\n\t\t\t\t\t\t<textarea aria-label=\"Votre message\" name=\"us_form_1_textarea_1\" placeholder=\"Votre message\"><\/textarea>\r\n\t\t\t<\/div>\r\n\t\t<div class=\"w-form-row-state\">Vous devez remplir ce champ<\/div>\r\n<\/div>\r\n<input type=\"hidden\" name=\"action\" value=\"us_ajax_cform\" \/><input type=\"hidden\" name=\"post_id\" value=\"469\" \/><input type=\"hidden\" name=\"form_index\" value=\"1\" \/><div class=\"w-form-row for_submit width_full\">\r\n\t<div class=\"w-form-row-field\">\r\n\t\t\t\t<button class=\"w-btn  us-btn-style_8\" aria-label=\"Envoyer\" type=\"submit\">\r\n\t\t\t<span class=\"g-preloader type_1\"><\/span>\r\n\t\t\t\t\t\t<span class=\"w-btn-label\">Envoyer<\/span>\r\n\t\t\t\t\t<\/button>\r\n\t<\/div>\r\n<\/div>\t<\/form>\r\n\t<div class=\"w-form-message\"><\/div>\r\n\t<div class=\"w-form-json hidden\" onclick='return {&quot;ajaxurl&quot;:&quot;https:\\\/\\\/containergrowbox.com\\\/wp-admin\\\/admin-ajax.php&quot;}'><\/div>\r\n<\/div><\/div><\/div><\/div><\/div><\/div><\/section><section class=\"l-section wpb_row height_large cgb-cta1 with_overlay\"><div class=\"l-section-overlay\" style=\"background: #EFF2ED\"><\/div><div class=\"l-section-h i-cf\"><div class=\"g-cols vc_row type_default valign_middle\"><div class=\"vc_col-sm-8 wpb_column vc_column_container\"><div class=\"vc_column-inner\"><div class=\"wpb_wrapper\">[vc_custom_heading text=\u00a0\u00bbAvez-vous d\u00e9j\u00e0 planifi\u00e9 votre projet?\u00a0\u00bb font_container=\u00a0\u00bbtag:p|text_align:left\u00a0\u00bb use_theme_fonts=\u00a0\u00bbyes\u00a0\u00bb][vc_custom_heading text=\u00a0\u00bbRemplissez plut\u00f4t notre formulaire de soumission d\u00e9taill\u00e9.\u00a0\u00bb font_container=\u00a0\u00bbtag:h6|text_align:left\u00a0\u00bb]<\/div><\/div><\/div><div class=\"vc_col-sm-4 wpb_column vc_column_container\"><div class=\"vc_column-inner\"><div class=\"wpb_wrapper\"><div class=\"w-btn-wrapper width_auto align_right\"><a class=\"w-btn us-btn-style_7\" href=\"\/fr\/devis\/\"><span class=\"w-btn-label\">Obtenir un devis<\/span><\/a><\/div><\/div><\/div><\/div><\/div><\/div><\/section>\n","protected":false},"excerpt":{"rendered":"[vc_custom_heading text=\"Contactez-nous\" font_container=\"tag:h1|text_align:center\" use_theme_fonts=\"yes\" el_class=\"cgb-titlebarh\"][vc_custom_heading text=\"Contactez-nous\" font_container=\"tag:h3|text_align:left\" use_theme_fonts=\"yes\" el_class=\"cgb-greenh\"][vc_raw_html]JTNDZGl2JTIwY2xhc3MlM0QlMjJjZ2ItZGl2aWRlcjIlMjIlM0UlM0MlMkZkaXYlM0U=[\/vc_raw_html]Communiquez avec nous pour en savoir plus sur la fa\u00e7on dont CGB peut faire de votre projet de conteneur de culture une r\u00e9alit\u00e9. Appelez-nous, envoyez-nous un courriel ou remplissez notre formulaire. Nous avons h\u00e2te d\u2019avoir de vos nouvelles! 888-316-6515 info@containergrowbox.com Vous devez remplir ce champ Veuillez saisir...","protected":false},"author":1,"featured_media":0,"parent":0,"menu_order":0,"comment_status":"closed","ping_status":"closed","template":"","meta":{"_monsterinsights_skip_tracking":false,"_monsterinsights_sitenote_active":false,"_monsterinsights_sitenote_note":"","_monsterinsights_sitenote_category":0},"yoast_head":"<!-- This site is optimized with the Yoast SEO plugin v18.9 - https:\/\/yoast.com\/wordpress\/plugins\/seo\/ -->\n<title>Contactez-nous - Container Grow Box<\/title>\n<meta name=\"robots\" content=\"index, follow, max-snippet:-1, max-image-preview:large, max-video-preview:-1\" \/>\n<link rel=\"canonical\" href=\"https:\/\/containergrowbox.com\/fr\/contact\/\" \/>\n<meta property=\"og:locale\" content=\"fr_FR\" \/>\n<meta property=\"og:type\" content=\"article\" \/>\n<meta property=\"og:title\" content=\"Contactez-nous - Container Grow Box\" \/>\n<meta property=\"og:url\" content=\"https:\/\/containergrowbox.com\/fr\/contact\/\" \/>\n<meta property=\"og:site_name\" content=\"Container Grow Box\" \/>\n<meta property=\"article:modified_time\" content=\"2021-04-17T17:36:39+00:00\" \/>\n<meta name=\"twitter:card\" content=\"summary_large_image\" \/>\n<meta name=\"twitter:label1\" content=\"Dur\u00e9e de lecture estim\u00e9e\" \/>\n\t<meta name=\"twitter:data1\" content=\"1 minute\" \/>\n<script type=\"application\/ld+json\" class=\"yoast-schema-graph\">{\"@context\":\"https:\/\/schema.org\",\"@graph\":[{\"@type\":\"WebSite\",\"@id\":\"https:\/\/containergrowbox.com\/#website\",\"url\":\"https:\/\/containergrowbox.com\/\",\"name\":\"Container Grow Box\",\"description\":\"\",\"potentialAction\":[{\"@type\":\"SearchAction\",\"target\":{\"@type\":\"EntryPoint\",\"urlTemplate\":\"https:\/\/containergrowbox.com\/?s={search_term_string}\"},\"query-input\":\"required name=search_term_string\"}],\"inLanguage\":\"fr-FR\"},{\"@type\":\"WebPage\",\"@id\":\"https:\/\/containergrowbox.com\/fr\/contact\/#webpage\",\"url\":\"https:\/\/containergrowbox.com\/fr\/contact\/\",\"name\":\"Contactez-nous - Container Grow Box\",\"isPartOf\":{\"@id\":\"https:\/\/containergrowbox.com\/#website\"},\"datePublished\":\"2020-08-21T04:50:04+00:00\",\"dateModified\":\"2021-04-17T17:36:39+00:00\",\"breadcrumb\":{\"@id\":\"https:\/\/containergrowbox.com\/fr\/contact\/#breadcrumb\"},\"inLanguage\":\"fr-FR\",\"potentialAction\":[{\"@type\":\"ReadAction\",\"target\":[\"https:\/\/containergrowbox.com\/fr\/contact\/\"]}]},{\"@type\":\"BreadcrumbList\",\"@id\":\"https:\/\/containergrowbox.com\/fr\/contact\/#breadcrumb\",\"itemListElement\":[{\"@type\":\"ListItem\",\"position\":1,\"name\":\"Home\",\"item\":\"https:\/\/containergrowbox.com\/fr\/\"},{\"@type\":\"ListItem\",\"position\":2,\"name\":\"Contactez-nous\"}]}]}<\/script>\n<!-- \/ Yoast SEO plugin. -->","yoast_head_json":{"title":"Contactez-nous - Container Grow Box","robots":{"index":"index","follow":"follow","max-snippet":"max-snippet:-1","max-image-preview":"max-image-preview:large","max-video-preview":"max-video-preview:-1"},"canonical":"https:\/\/containergrowbox.com\/fr\/contact\/","og_locale":"fr_FR","og_type":"article","og_title":"Contactez-nous - Container Grow Box","og_url":"https:\/\/containergrowbox.com\/fr\/contact\/","og_site_name":"Container Grow Box","article_modified_time":"2021-04-17T17:36:39+00:00","twitter_card":"summary_large_image","twitter_misc":{"Dur\u00e9e de lecture estim\u00e9e":"1 minute"},"schema":{"@context":"https:\/\/schema.org","@graph":[{"@type":"WebSite","@id":"https:\/\/containergrowbox.com\/#website","url":"https:\/\/containergrowbox.com\/","name":"Container Grow Box","description":"","potentialAction":[{"@type":"SearchAction","target":{"@type":"EntryPoint","urlTemplate":"https:\/\/containergrowbox.com\/?s={search_term_string}"},"query-input":"required name=search_term_string"}],"inLanguage":"fr-FR"},{"@type":"WebPage","@id":"https:\/\/containergrowbox.com\/fr\/contact\/#webpage","url":"https:\/\/containergrowbox.com\/fr\/contact\/","name":"Contactez-nous - Container Grow Box","isPartOf":{"@id":"https:\/\/containergrowbox.com\/#website"},"datePublished":"2020-08-21T04:50:04+00:00","dateModified":"2021-04-17T17:36:39+00:00","breadcrumb":{"@id":"https:\/\/containergrowbox.com\/fr\/contact\/#breadcrumb"},"inLanguage":"fr-FR","potentialAction":[{"@type":"ReadAction","target":["https:\/\/containergrowbox.com\/fr\/contact\/"]}]},{"@type":"BreadcrumbList","@id":"https:\/\/containergrowbox.com\/fr\/contact\/#breadcrumb","itemListElement":[{"@type":"ListItem","position":1,"name":"Home","item":"https:\/\/containergrowbox.com\/fr\/"},{"@type":"ListItem","position":2,"name":"Contactez-nous"}]}]}},"_links":{"self":[{"href":"https:\/\/containergrowbox.com\/fr\/wp-json\/wp\/v2\/pages\/469"}],"collection":[{"href":"https:\/\/containergrowbox.com\/fr\/wp-json\/wp\/v2\/pages"}],"about":[{"href":"https:\/\/containergrowbox.com\/fr\/wp-json\/wp\/v2\/types\/page"}],"author":[{"embeddable":true,"href":"https:\/\/containergrowbox.com\/fr\/wp-json\/wp\/v2\/users\/1"}],"replies":[{"embeddable":true,"href":"https:\/\/containergrowbox.com\/fr\/wp-json\/wp\/v2\/comments?post=469"}],"version-history":[{"count":5,"href":"https:\/\/containergrowbox.com\/fr\/wp-json\/wp\/v2\/pages\/469\/revisions"}],"predecessor-version":[{"id":627,"href":"https:\/\/containergrowbox.com\/fr\/wp-json\/wp\/v2\/pages\/469\/revisions\/627"}],"wp:attachment":[{"href":"https:\/\/containergrowbox.com\/fr\/wp-json\/wp\/v2\/media?parent=469"}],"curies":[{"name":"wp","href":"https:\/\/api.w.org\/{rel}","templated":true}]}}